{"id":39261,"date":"2024-04-19T16:46:03","date_gmt":"2024-04-19T14:46:03","guid":{"rendered":"https:\/\/columbushotels.com\/?page_id=39261"},"modified":"2024-04-27T12:48:36","modified_gmt":"2024-04-27T10:48:36","slug":"go-hilton","status":"publish","type":"page","link":"https:\/\/columbushotels.com\/fr\/go-hilton\/","title":{"rendered":"Avantages Go Hilton"},"content":{"rendered":"<div id=\"pl-39261\"  class=\"panel-layout\" ><div id=\"pg-39261-0\"  class=\"panel-grid panel-has-style\" ><div class=\"taille_grille_page panel-row-style panel-row-style-for-39261-0\" ><div id=\"pgc-39261-0-0\"  class=\"panel-grid-cell\" ><div id=\"panel-39261-0-0-0\" class=\"so-panel widget widget_sow-editor panel-first-child panel-last-child\" data-index=\"0\" ><div\n\t\t\t\n\t\t\tclass=\"so-widget-sow-editor so-widget-sow-editor-base\"\n\t\t\t\n\t\t>\n<div class=\"siteorigin-widget-tinymce textwidget\">\n\t<h1 style=\"text-align: center;\">Avantages go Hilton<\/h1>\n<\/div>\n<\/div><\/div><\/div><\/div><\/div><div id=\"pg-39261-1\"  class=\"panel-grid panel-has-style\" ><div class=\"taille_grille_page panel-row-style panel-row-style-for-39261-1\" ><div id=\"pgc-39261-1-0\"  class=\"panel-grid-cell\" ><div id=\"panel-39261-1-0-0\" class=\"so-panel widget widget_sow-editor panel-first-child panel-last-child\" data-index=\"1\" ><div\n\t\t\t\n\t\t\tclass=\"so-widget-sow-editor so-widget-sow-editor-base\"\n\t\t\t\n\t\t>\n<div class=\"siteorigin-widget-tinymce textwidget\">\n\t<p style=\"text-align: center;\">Bienvenue au programme Go Hilton pour les employ\u00e9s de Hilton ! Profitez de votre s\u00e9jour avec une multitude d'avantages exclusifs disponibles uniquement pour vous :<\/p>\n<p>&nbsp;<\/p>\n<ul>\n<li style=\"text-align: left;\">Petit-d\u00e9jeuner offert : Commencez votre journ\u00e9e avec un d\u00e9licieux petit-d\u00e9jeuner offert, servi \u00e0 Tavolo. Profitez d'une s\u00e9lection vari\u00e9e de plats savoureux pour bien d\u00e9marrer votre journ\u00e9e.<\/li>\n<li style=\"text-align: left;\"><\/li>\n<li style=\"text-align: left;\">-50% \u00e0 Tavolo : D\u00e9couvrez notre restaurant m\u00e9diterran\u00e9en <a href=\"https:\/\/www.columbushotels.com\/fr\/restaurant-monaco\/\">TAVOLO<\/a> et profitez d'une r\u00e9duction exclusive de 50% sur la nourriture. Les boissons sont exclues.<\/li>\n<li style=\"text-align: left;\"><\/li>\n<li style=\"text-align: left;\">-50% au Bar : D\u00e9tendez-vous et profitez d'un moment de convivialit\u00e9 au Bar avec une r\u00e9duction de 50% sur notre menu de bar food. Les boissons sont exclues.<\/li>\n<li style=\"text-align: left;\"><\/li>\n<\/ul>\n<p style=\"text-align: center;\"><strong>\u00a0Merci de pr\u00e9senter votre carte Go Hilton \u00e0 l\u2019accueil du restaurant ou du bar. Veuillez noter que les remises ne s'appliquent pas au service en chambre ni au minibar.<\/strong><\/p>\n<\/div>\n<\/div><\/div><\/div><\/div><\/div><\/div>","protected":false},"excerpt":{"rendered":"<p>Avantages go Hilton Bienvenue au programme Go Hilton pour les employ\u00e9s de Hilton ! Profitez de votre s\u00e9jour avec une multitude d&#8217;avantages exclusifs disponibles uniquement pour vous : &nbsp; [&hellip;]<\/p>\n","protected":false},"author":8,"featured_media":0,"parent":0,"menu_order":96,"comment_status":"closed","ping_status":"closed","template":"page-contact.php","meta":{"footnotes":""},"class_list":["post-39261","page","type-page","status-publish","hentry"],"yoast_head":"<!-- This site is optimized with the Yoast SEO plugin v27.4 - https:\/\/yoast.com\/product\/yoast-seo-wordpress\/ -->\n<title>Avantages Go Hilton - Columbus Monte-Carlo<\/title>\n<meta name=\"description\" content=\"Petit-d\u00e9jeuner gratuit et 50% de r\u00e9duction sur nos restaurants : Avantages exclusifs Go Hilton \u00e0 l&#039;H\u00f4tel Columbus Monte-Carlo\" \/>\n<meta name=\"robots\" content=\"index, follow, max-snippet:-1, max-image-preview:large, max-video-preview:-1\" \/>\n<link rel=\"canonical\" href=\"https:\/\/columbushotels.com\/fr\/go-hilton\/\" \/>\n<meta property=\"og:locale\" content=\"fr_FR\" \/>\n<meta property=\"og:type\" content=\"article\" \/>\n<meta property=\"og:title\" content=\"Avantages Go Hilton - Columbus Monte-Carlo\" \/>\n<meta property=\"og:description\" content=\"Petit-d\u00e9jeuner gratuit et 50% de r\u00e9duction sur nos restaurants : Avantages exclusifs Go Hilton \u00e0 l&#039;H\u00f4tel Columbus Monte-Carlo\" \/>\n<meta property=\"og:url\" content=\"https:\/\/columbushotels.com\/fr\/go-hilton\/\" \/>\n<meta property=\"og:site_name\" content=\"Columbus Monte-Carlo\" \/>\n<meta property=\"article:publisher\" content=\"https:\/\/www.facebook.com\/ColumbusMonteCarlo\" \/>\n<meta property=\"article:modified_time\" content=\"2024-04-27T10:48:36+00:00\" \/>\n<meta name=\"twitter:label1\" content=\"Dur\u00e9e de lecture estim\u00e9e\" \/>\n\t<meta name=\"twitter:data1\" content=\"1 minute\" \/>\n<!-- \/ Yoast SEO plugin. -->","yoast_head_json":{"title":"Avantages Go Hilton - Columbus Monte-Carlo","description":"Petit-d\u00e9jeuner gratuit et 50% de r\u00e9duction sur nos restaurants : Avantages exclusifs Go Hilton \u00e0 l'H\u00f4tel Columbus Monte-Carlo","robots":{"index":"index","follow":"follow","max-snippet":"max-snippet:-1","max-image-preview":"max-image-preview:large","max-video-preview":"max-video-preview:-1"},"canonical":"https:\/\/columbushotels.com\/fr\/go-hilton\/","og_locale":"fr_FR","og_type":"article","og_title":"Avantages Go Hilton - Columbus Monte-Carlo","og_description":"Petit-d\u00e9jeuner gratuit et 50% de r\u00e9duction sur nos restaurants : Avantages exclusifs Go Hilton \u00e0 l'H\u00f4tel Columbus Monte-Carlo","og_url":"https:\/\/columbushotels.com\/fr\/go-hilton\/","og_site_name":"Columbus Monte-Carlo","article_publisher":"https:\/\/www.facebook.com\/ColumbusMonteCarlo","article_modified_time":"2024-04-27T10:48:36+00:00","twitter_misc":{"Dur\u00e9e de lecture estim\u00e9e":"1 minute"},"schema":{"@context":"https:\/\/schema.org","@graph":[{"@type":"WebPage","@id":"https:\/\/columbushotels.com\/fr\/go-hilton\/","url":"https:\/\/columbushotels.com\/fr\/go-hilton\/","name":"Avantages Go Hilton - Columbus Monte-Carlo","isPartOf":{"@id":"https:\/\/columbushotels.com\/it\/#website"},"datePublished":"2024-04-19T14:46:03+00:00","dateModified":"2024-04-27T10:48:36+00:00","description":"Petit-d\u00e9jeuner gratuit et 50% de r\u00e9duction sur nos restaurants : Avantages exclusifs Go Hilton \u00e0 l'H\u00f4tel Columbus Monte-Carlo","breadcrumb":{"@id":"https:\/\/columbushotels.com\/fr\/go-hilton\/#breadcrumb"},"inLanguage":"fr-FR","potentialAction":[{"@type":"ReadAction","target":["https:\/\/columbushotels.com\/fr\/go-hilton\/"]}]},{"@type":"BreadcrumbList","@id":"https:\/\/columbushotels.com\/fr\/go-hilton\/#breadcrumb","itemListElement":[{"@type":"ListItem","position":1,"name":"Accueil","item":"https:\/\/www.columbushotels.com\/fr\/"},{"@type":"ListItem","position":2,"name":"Avantages Go Hilton"}]},{"@type":"WebSite","@id":"https:\/\/columbushotels.com\/it\/#website","url":"https:\/\/columbushotels.com\/it\/","name":"Columbus Monte-Carlo","description":"","publisher":{"@id":"https:\/\/columbushotels.com\/it\/#organization"},"potentialAction":[{"@type":"SearchAction","target":{"@type":"EntryPoint","urlTemplate":"https:\/\/columbushotels.com\/it\/?s={search_term_string}"},"query-input":{"@type":"PropertyValueSpecification","valueRequired":true,"valueName":"search_term_string"}}],"inLanguage":"fr-FR"},{"@type":"Organization","@id":"https:\/\/columbushotels.com\/it\/#organization","name":"Columbus Monte-Carlo","url":"https:\/\/columbushotels.com\/it\/","logo":{"@type":"ImageObject","inLanguage":"fr-FR","@id":"https:\/\/columbushotels.com\/it\/#\/schema\/logo\/image\/","url":"https:\/\/www.columbushotels.com\/wp-content\/uploads\/icon-tablette.png","contentUrl":"https:\/\/www.columbushotels.com\/wp-content\/uploads\/icon-tablette.png","width":144,"height":144,"caption":"Columbus Monte-Carlo"},"image":{"@id":"https:\/\/columbushotels.com\/it\/#\/schema\/logo\/image\/"},"sameAs":["https:\/\/www.facebook.com\/ColumbusMonteCarlo","https:\/\/x.com\/ColumbusMC","https:\/\/www.instagram.com\/columbusmchotel","https:\/\/www.linkedin.com\/company\/1316137"]}]}},"_links":{"self":[{"href":"https:\/\/columbushotels.com\/fr\/wp-json\/wp\/v2\/pages\/39261","targetHints":{"allow":["GET"]}}],"collection":[{"href":"https:\/\/columbushotels.com\/fr\/wp-json\/wp\/v2\/pages"}],"about":[{"href":"https:\/\/columbushotels.com\/fr\/wp-json\/wp\/v2\/types\/page"}],"author":[{"embeddable":true,"href":"https:\/\/columbushotels.com\/fr\/wp-json\/wp\/v2\/users\/8"}],"replies":[{"embeddable":true,"href":"https:\/\/columbushotels.com\/fr\/wp-json\/wp\/v2\/comments?post=39261"}],"version-history":[{"count":2,"href":"https:\/\/columbushotels.com\/fr\/wp-json\/wp\/v2\/pages\/39261\/revisions"}],"predecessor-version":[{"id":39486,"href":"https:\/\/columbushotels.com\/fr\/wp-json\/wp\/v2\/pages\/39261\/revisions\/39486"}],"wp:attachment":[{"href":"https:\/\/columbushotels.com\/fr\/wp-json\/wp\/v2\/media?parent=39261"}],"curies":[{"name":"wp","href":"https:\/\/api.w.org\/{rel}","templated":true}]}}