{"id":30667,"date":"2022-11-15T17:00:05","date_gmt":"2022-11-15T15:00:05","guid":{"rendered":"https:\/\/columbushotels.com\/?page_id=30667"},"modified":"2024-11-13T20:17:32","modified_gmt":"2024-11-13T18:17:32","slug":"serd-2024","status":"publish","type":"page","link":"https:\/\/columbushotels.com\/fr\/serd-2024\/","title":{"rendered":"Le Columbus Monte-Carlo s&#8217;engage pour la SERD"},"content":{"rendered":"<div id=\"pl-30667\"  class=\"panel-layout\" ><div id=\"pg-30667-0\"  class=\"panel-grid panel-no-style\" ><div id=\"pgc-30667-0-0\"  class=\"panel-grid-cell\" ><div id=\"panel-30667-0-0-0\" class=\"so-panel widget widget_sow-editor panel-first-child panel-last-child\" data-index=\"0\" ><div\n\t\t\t\n\t\t\tclass=\"so-widget-sow-editor so-widget-sow-editor-base\"\n\t\t\t\n\t\t>\n<div class=\"siteorigin-widget-tinymce textwidget\">\n\t<p style=\"text-align: center;\">Le d\u00e9veloppement durable est au c\u0153ur des pr\u00e9occupations du Columbus Monte-Carlo. Nous multiplions les actions en faveur de la plan\u00e8te d'une mani\u00e8re g\u00e9n\u00e9rale <span style=\"text-decoration: underline;\"><a href=\"https:\/\/columbushotels.com\/fr\/developpement-durable\/\">tout au long de l'ann\u00e9e<\/a><\/span> mais tout particuli\u00e8rement pendant la Semaine Europ\u00e9enne de la R\u00e9duction des D\u00e9chets (SERD).<\/p>\n<p>&nbsp;<\/p>\n<p style=\"text-align: center;\">En 2024, l'\u00e9dition se focalise sur le gaspillage alimentaire. Le Columbus participe \u00e0 travers ces actions :<\/p>\n<\/div>\n<\/div><\/div><\/div><\/div><div id=\"pg-30667-1\"  class=\"panel-grid panel-no-style\" ><div id=\"pgc-30667-1-0\"  class=\"panel-grid-cell\" ><div id=\"panel-30667-1-0-0\" class=\"so-panel widget widget_sow-image panel-first-child\" data-index=\"1\" ><div\n\t\t\t\n\t\t\tclass=\"so-widget-sow-image so-widget-sow-image-default-8b5b6f678277-30667\"\n\t\t\t\n\t\t>\n<div class=\"sow-image-container\">\n\t\t\t<a href=\"https:\/\/lacravatesolidaire.org\/\"\n\t\t\t\t\t>\n\t\t\t<img \n\tsrc=\"https:\/\/columbushotels.com\/wp-content\/uploads\/Musee_oceanographique-bd.jpg\" width=\"600\" height=\"366\" srcset=\"https:\/\/columbushotels.com\/wp-content\/uploads\/Musee_oceanographique-bd.jpg 600w, https:\/\/columbushotels.com\/wp-content\/uploads\/Musee_oceanographique-bd-300x183.jpg 300w\" sizes=\"(max-width: 600px) 100vw, 600px\" title=\"Mus\u00e9e_oc\u00e9anographique\" alt=\"Mus\u00e9e_oc\u00e9anographique\" \t\tclass=\"so-widget-image\"\/>\n\t\t\t<\/a><\/div>\n\n<\/div><\/div><div id=\"panel-30667-1-0-1\" class=\"so-panel widget widget_sow-editor panel-last-child\" data-index=\"2\" ><div\n\t\t\t\n\t\t\tclass=\"so-widget-sow-editor so-widget-sow-editor-base\"\n\t\t\t\n\t\t>\n<div class=\"siteorigin-widget-tinymce textwidget\">\n\t<p>&nbsp;<\/p>\n<p style=\"text-align: center;\"><span style=\"color: #c28111;\">PARCOUS DES SAVEURS Z\u00c9RO D\u00c9CHET<\/span><\/p>\n<p>&nbsp;<\/p>\n<p style=\"text-align: center;\">Nous sommes ravis d'annoncer la participation de notre chef Raffaele Pluchino \u00e0 l'initiative\u00a0\u00ab\u00a0parcours des saveurs z\u00e9ro d\u00e9chet\u00a0\u00bb, qui se tiendra le <strong>20 novembre de 11h30 \u00e0 14h30<\/strong> au Mus\u00e9e Oc\u00e9anographique .<\/p>\n<p style=\"font-style: inherit; font-weight: inherit; text-align: center;\">\n<p style=\"text-align: center;\">Venez d\u00e9couvrir comment \u00e9pluchures, fanes et autres restes d'ingr\u00e9dients peuvent devenir la base de d\u00e9licieux plats, tout en contribuant \u00e0 un avenir plus durable. Cette initiative s'inscrit dans notre engagement pour une cuisine \u00e9coresponsable, en harmonie avec les valeurs de r\u00e9duction des d\u00e9chets et de protection de l'environnement.<\/p>\n<p>&nbsp;<\/p>\n<\/div>\n<\/div><\/div><\/div><div id=\"pgc-30667-1-1\"  class=\"panel-grid-cell panel-grid-cell-empty\" ><\/div><div id=\"pgc-30667-1-2\"  class=\"panel-grid-cell\" ><div id=\"panel-30667-1-2-0\" class=\"so-panel widget widget_sow-image panel-first-child\" data-index=\"3\" ><div\n\t\t\t\n\t\t\tclass=\"so-widget-sow-image so-widget-sow-image-default-8b5b6f678277-30667\"\n\t\t\t\n\t\t>\n<div class=\"sow-image-container\">\n\t\t\t<a href=\"https:\/\/lacravatesolidaire.org\/\"\n\t\t\t\t\t>\n\t\t\t<img \n\tsrc=\"https:\/\/columbushotels.com\/wp-content\/uploads\/Atelier-cultiver-offrir-une-seconde-vie-a-ses-legumes.jpg\" width=\"480\" height=\"264\" srcset=\"https:\/\/columbushotels.com\/wp-content\/uploads\/Atelier-cultiver-offrir-une-seconde-vie-a-ses-legumes.jpg 480w, https:\/\/columbushotels.com\/wp-content\/uploads\/Atelier-cultiver-offrir-une-seconde-vie-a-ses-legumes-300x165.jpg 300w\" sizes=\"(max-width: 480px) 100vw, 480px\" title=\"Atelier-cultiver-&amp;-offrir-une-seconde-vie-\u00e0-ses-legumes\" alt=\"Atelier-cultiver-&amp;-offrir-une-seconde-vie-\u00e0-ses-legumes\" \t\tclass=\"so-widget-image\"\/>\n\t\t\t<\/a><\/div>\n\n<\/div><\/div><div id=\"panel-30667-1-2-1\" class=\"so-panel widget widget_sow-editor panel-last-child\" data-index=\"4\" ><div\n\t\t\t\n\t\t\tclass=\"so-widget-sow-editor so-widget-sow-editor-base\"\n\t\t\t\n\t\t>\n<div class=\"siteorigin-widget-tinymce textwidget\">\n\t<p>&nbsp;<\/p>\n<p style=\"text-align: center;\"><span style=\"color: #c28111;\">ATELIER '<span class=\"OYPEnA font-feature-liga-off font-feature-clig-off font-feature-calt-off text-decoration-none text-strikethrough-none\">CULTIVER &amp; OFFRIR UNE SECONDE VIE \u00c0 SES LEGUMES<\/span><\/span><\/p>\n<p>&nbsp;<\/p>\n<p style=\"text-align: center;\">Le 22 novembre, nous organisons un workshop de sensibilisation pour le personnel :<\/p>\n<p style=\"text-align: center;\">Sensibiliser le personnel sur le gaspillage alimentaire<\/p>\n<p style=\"text-align: center;\">Legumes qui peuvent repousser<\/p>\n<p style=\"text-align: center;\">Astuces jardinage<\/p>\n<p style=\"text-align: center;\">Pistes\/axes d'am\u00e9lioration et r\u00e9duction de gaspillage<\/p>\n<\/div>\n<\/div><\/div><\/div><\/div><div id=\"pg-30667-2\"  class=\"panel-grid panel-no-style\" ><div id=\"pgc-30667-2-0\"  class=\"panel-grid-cell panel-grid-cell-empty\" ><\/div><div id=\"pgc-30667-2-1\"  class=\"panel-grid-cell panel-grid-cell-mobile-last\" ><div id=\"panel-30667-2-1-0\" class=\"so-panel widget widget_sow-image panel-first-child panel-last-child\" data-index=\"5\" ><div\n\t\t\t\n\t\t\tclass=\"so-widget-sow-image so-widget-sow-image-default-8b5b6f678277-30667\"\n\t\t\t\n\t\t>\n<div class=\"sow-image-container\">\n\t\t\t<a href=\"https:\/\/www.facebook.com\/SERDMONACO\/\"\n\t\t\t\t\t>\n\t\t\t<img \n\tsrc=\"https:\/\/columbushotels.com\/wp-content\/uploads\/EWWR24_Poster_fr_DR.png\" width=\"1685\" height=\"2384\" srcset=\"https:\/\/columbushotels.com\/wp-content\/uploads\/EWWR24_Poster_fr_DR.png 1685w, https:\/\/columbushotels.com\/wp-content\/uploads\/EWWR24_Poster_fr_DR-212x300.png 212w, https:\/\/columbushotels.com\/wp-content\/uploads\/EWWR24_Poster_fr_DR-724x1024.png 724w, https:\/\/columbushotels.com\/wp-content\/uploads\/EWWR24_Poster_fr_DR-1086x1536.png 1086w, https:\/\/columbushotels.com\/wp-content\/uploads\/EWWR24_Poster_fr_DR-1448x2048.png 1448w\" sizes=\"(max-width: 1685px) 100vw, 1685px\" title=\"EWWR24_Poster\" alt=\"EWWR24_Poster\" \t\tclass=\"so-widget-image\"\/>\n\t\t\t<\/a><\/div>\n\n<\/div><\/div><\/div><div id=\"pgc-30667-2-2\"  class=\"panel-grid-cell panel-grid-cell-empty\" ><\/div><\/div><div id=\"pg-30667-3\"  class=\"panel-grid panel-no-style\" ><div id=\"pgc-30667-3-0\"  class=\"panel-grid-cell\" ><div id=\"panel-30667-3-0-0\" class=\"so-panel widget widget_sow-editor panel-first-child panel-last-child\" data-index=\"6\" ><div\n\t\t\t\n\t\t\tclass=\"so-widget-sow-editor so-widget-sow-editor-base\"\n\t\t\t\n\t\t>\n<div class=\"siteorigin-widget-tinymce textwidget\">\n\t<p style=\"text-align: center;\">En 2023, la SERD \u00e9tait plac\u00e9e sous le th\u00e8me des emballages. Le Columbus a particip\u00e9 \u00e0 travers ces actions :<\/p>\n<\/div>\n<\/div><\/div><\/div><\/div><div id=\"pg-30667-4\"  class=\"panel-grid panel-no-style\" ><div id=\"pgc-30667-4-0\"  class=\"panel-grid-cell\" ><div id=\"panel-30667-4-0-0\" class=\"so-panel widget widget_sow-image panel-first-child\" data-index=\"7\" ><div\n\t\t\t\n\t\t\tclass=\"so-widget-sow-image so-widget-sow-image-default-8b5b6f678277-30667\"\n\t\t\t\n\t\t>\n<div class=\"sow-image-container\">\n\t\t\t<a href=\"https:\/\/lacravatesolidaire.org\/\"\n\t\t\t\t\t>\n\t\t\t<img \n\tsrc=\"https:\/\/columbushotels.com\/wp-content\/uploads\/Facebook-event-Cover-1920-x-1005-px.png\" width=\"1920\" height=\"1005\" srcset=\"https:\/\/columbushotels.com\/wp-content\/uploads\/Facebook-event-Cover-1920-x-1005-px.png 1920w, https:\/\/columbushotels.com\/wp-content\/uploads\/Facebook-event-Cover-1920-x-1005-px-300x157.png 300w, https:\/\/columbushotels.com\/wp-content\/uploads\/Facebook-event-Cover-1920-x-1005-px-1024x536.png 1024w, https:\/\/columbushotels.com\/wp-content\/uploads\/Facebook-event-Cover-1920-x-1005-px-1536x804.png 1536w\" sizes=\"(max-width: 1920px) 100vw, 1920px\" title=\"Atelier-Serd-Furoshiki-Columbus-Monte-Carlo\" alt=\"Atelier-Serd-Furoshiki-Columbus-Monte-Carlo\" \t\tclass=\"so-widget-image\"\/>\n\t\t\t<\/a><\/div>\n\n<\/div><\/div><div id=\"panel-30667-4-0-1\" class=\"so-panel widget widget_sow-editor panel-last-child\" data-index=\"8\" ><div\n\t\t\t\n\t\t\tclass=\"so-widget-sow-editor so-widget-sow-editor-base\"\n\t\t\t\n\t\t>\n<div class=\"siteorigin-widget-tinymce textwidget\">\n\t<p>&nbsp;<\/p>\n<p style=\"text-align: center;\"><span style=\"color: #c28111;\">ATELIER GRAND PUBLIQUE DE 'FUROSHIKI'*<\/span><\/p>\n<p>&nbsp;<\/p>\n<p>Dans le cadre de la semaine europ\u00e9enne de r\u00e9duction de d\u00e9chets (SERD), nous vous convions \u00e0 un atelier d\u2019emballage z\u00e9ro d\u00e9chet encadr\u00e9 par une couturi\u00e8re professionnelle (Sa\u00efda SELMAOUI) le <strong>mercredi 22 novembre de 15h \u00e0 17h<\/strong>: venez avec des v\u00eatements ou des tissus irr\u00e9cup\u00e9rables et transformez-les en emballages cadeau suivant la technique japonaise Furoshiki. Atelier gratuit, ouvert \u00e0 tous, sur inscription par email!<\/p>\n<p>*Furoshiki: Technique japonaise traditionnelle de pliage permettant d'envelopper et de transporter ses effets du quotidiens, tire son nom vient de la pi\u00e8ce de tissu carr\u00e9e utilis\u00e9e<\/p>\n<\/div>\n<\/div><\/div><\/div><div id=\"pgc-30667-4-1\"  class=\"panel-grid-cell\" ><div id=\"panel-30667-4-1-0\" class=\"so-panel widget widget_sow-image panel-first-child panel-last-child\" data-index=\"9\" ><div\n\t\t\t\n\t\t\tclass=\"so-widget-sow-image so-widget-sow-image-default-8b5b6f678277-30667\"\n\t\t\t\n\t\t>\n<div class=\"sow-image-container\">\n\t\t\t<a href=\"https:\/\/www.facebook.com\/SERDMONACO\/\"\n\t\t\t\t\t>\n\t\t\t<img \n\tsrc=\"https:\/\/columbushotels.com\/wp-content\/uploads\/FR_D_BD.jpg\" width=\"480\" height=\"657\" srcset=\"https:\/\/columbushotels.com\/wp-content\/uploads\/FR_D_BD.jpg 480w, https:\/\/columbushotels.com\/wp-content\/uploads\/FR_D_BD-219x300.jpg 219w\" sizes=\"(max-width: 480px) 100vw, 480px\" title=\"SERD_2021_Logo\" alt=\"SERD_2021_Logo\" \t\tclass=\"so-widget-image\"\/>\n\t\t\t<\/a><\/div>\n\n<\/div><\/div><\/div><div id=\"pgc-30667-4-2\"  class=\"panel-grid-cell\" ><div id=\"panel-30667-4-2-0\" class=\"so-panel widget widget_sow-image panel-first-child\" data-index=\"10\" ><div\n\t\t\t\n\t\t\tclass=\"so-widget-sow-image so-widget-sow-image-default-8b5b6f678277-30667\"\n\t\t\t\n\t\t>\n<div class=\"sow-image-container\">\n\t\t\t<a href=\"https:\/\/lacravatesolidaire.org\/\"\n\t\t\t\t\t>\n\t\t\t<img \n\tsrc=\"https:\/\/columbushotels.com\/wp-content\/uploads\/Atelier-de-sensibilisation-CMC.png\" width=\"1920\" height=\"1005\" srcset=\"https:\/\/columbushotels.com\/wp-content\/uploads\/Atelier-de-sensibilisation-CMC.png 1920w, https:\/\/columbushotels.com\/wp-content\/uploads\/Atelier-de-sensibilisation-CMC-300x157.png 300w, https:\/\/columbushotels.com\/wp-content\/uploads\/Atelier-de-sensibilisation-CMC-1024x536.png 1024w, https:\/\/columbushotels.com\/wp-content\/uploads\/Atelier-de-sensibilisation-CMC-1536x804.png 1536w\" sizes=\"(max-width: 1920px) 100vw, 1920px\" title=\"Atelier de sensibilisation CMC\" alt=\"Atelier de sensibilisation CMC\" \t\tclass=\"so-widget-image\"\/>\n\t\t\t<\/a><\/div>\n\n<\/div><\/div><div id=\"panel-30667-4-2-1\" class=\"so-panel widget widget_sow-editor panel-last-child\" data-index=\"11\" ><div\n\t\t\t\n\t\t\tclass=\"so-widget-sow-editor so-widget-sow-editor-base\"\n\t\t\t\n\t\t>\n<div class=\"siteorigin-widget-tinymce textwidget\">\n\t<p>&nbsp;<\/p>\n<p style=\"text-align: center;\"><span style=\"color: #c28111;\">ATELIER DE SENSIBILISATION 'EMBALLAGE'<\/span><\/p>\n<p>&nbsp;<\/p>\n<p style=\"text-align: center;\">Le 21 novembre, nous organisons un workshop de sensibilisation pour le personnel :<\/p>\n<p style=\"text-align: center;\">Sensibiliser le personnel sur les (sur)emballages<br \/>\nRappel des \"3R\" - r\u00e9duire, r\u00e9utiliser, recycler<br \/>\nPistes\/axes d'am\u00e9lioration et r\u00e9duction d'emballage<\/p>\n<\/div>\n<\/div><\/div><\/div><\/div><div id=\"pg-30667-5\"  class=\"panel-grid panel-no-style\" ><div id=\"pgc-30667-5-0\"  class=\"panel-grid-cell\" ><div id=\"panel-30667-5-0-0\" class=\"so-panel widget widget_sow-editor panel-first-child panel-last-child\" data-index=\"12\" ><div\n\t\t\t\n\t\t\tclass=\"so-widget-sow-editor so-widget-sow-editor-base\"\n\t\t\t\n\t\t>\n<div class=\"siteorigin-widget-tinymce textwidget\">\n\t<p style=\"text-align: center;\">En 2022, le Columbus a particip\u00e9 \u00e0 travers ces actions :<\/p>\n<\/div>\n<\/div><\/div><\/div><\/div><div id=\"pg-30667-6\"  class=\"panel-grid panel-no-style\" ><div id=\"pgc-30667-6-0\"  class=\"panel-grid-cell\" ><div id=\"panel-30667-6-0-0\" class=\"so-panel widget widget_sow-editor panel-first-child panel-last-child\" data-index=\"13\" ><div\n\t\t\t\n\t\t\tclass=\"so-widget-sow-editor so-widget-sow-editor-base\"\n\t\t\t\n\t\t>\n<div class=\"siteorigin-widget-tinymce textwidget\">\n\t<p>&nbsp;<\/p>\n<p style=\"text-align: center;\"><span style=\"color: #c28111;\">ATELIER GRAND PUBLIQUE DE 'UPCYCLING'<\/span><\/p>\n<p>&nbsp;<\/p>\n<p>Dans le cadre de la semaine europ\u00e9enne de r\u00e9duction de d\u00e9chets (SERD), nous vous convions \u00e0 un atelier d\u2019upcycling encadr\u00e9 par une couturi\u00e8re professionnelle (Sa\u00efda SELMAOUI) le <strong>mercredi 23 novembre de 15h \u00e0 17h<\/strong>: venez avec des v\u00eatements ou des tissus irr\u00e9cup\u00e9rables et transformez-les en pochettes, sacs, lingettes, etc. Atelier gratuit, ouvert \u00e0 tous, sur inscription par email!<\/p>\n<p>&nbsp;<\/p>\n<div class=\"lien_reservation\"><a href=\"mailto:ufabre@columbus.mc\" target=\"_blank\" rel=\"noopener noreferrer\">Inscrivez-vous<\/a><\/div>\n<\/div>\n<\/div><\/div><\/div><div id=\"pgc-30667-6-1\"  class=\"panel-grid-cell panel-grid-cell-empty\" ><\/div><div id=\"pgc-30667-6-2\"  class=\"panel-grid-cell\" ><div id=\"panel-30667-6-2-0\" class=\"so-panel widget widget_sow-image panel-first-child\" data-index=\"14\" ><div\n\t\t\t\n\t\t\tclass=\"so-widget-sow-image so-widget-sow-image-default-8b5b6f678277-30667\"\n\t\t\t\n\t\t><\/div><\/div><div id=\"panel-30667-6-2-1\" class=\"so-panel widget widget_sow-editor panel-last-child\" data-index=\"15\" ><div\n\t\t\t\n\t\t\tclass=\"so-widget-sow-editor so-widget-sow-editor-base\"\n\t\t\t\n\t\t>\n<div class=\"siteorigin-widget-tinymce textwidget\">\n\t<p>&nbsp;<\/p>\n<p style=\"text-align: center;\"><span style=\"color: #c28111;\">JOURN\u00c9E SANS ACHAT<\/span><\/p>\n<p>&nbsp;<\/p>\n<p>Le 25 novembre, nous observons la journ\u00e9e mondiale sans achat, communiquerons en interne (employ\u00e9es et clients) et sur des r\u00e9seaux sociaux et incitons nos followers de faire pareil. Nous vous remercions de votre soutien!<\/p>\n<p>&nbsp;<\/p>\n<div class=\"lien_reservation\"><a href=\"https:\/\/www.instagram.com\/columbusmchotel\/\" target=\"_blank\" rel=\"noopener noreferrer\">Suivez-nous sur Instagram<\/a><\/div>\n<\/div>\n<\/div><\/div><\/div><\/div><div id=\"pg-30667-7\"  class=\"panel-grid panel-no-style\" ><div id=\"pgc-30667-7-0\"  class=\"panel-grid-cell\" ><div id=\"panel-30667-7-0-0\" class=\"so-panel widget widget_sow-image panel-first-child\" data-index=\"16\" ><div\n\t\t\t\n\t\t\tclass=\"so-widget-sow-image so-widget-sow-image-default-8b5b6f678277-30667\"\n\t\t\t\n\t\t><\/div><\/div><div id=\"panel-30667-7-0-1\" class=\"so-panel widget widget_sow-editor panel-last-child\" data-index=\"17\" ><div\n\t\t\t\n\t\t\tclass=\"so-widget-sow-editor so-widget-sow-editor-base\"\n\t\t\t\n\t\t>\n<div class=\"siteorigin-widget-tinymce textwidget\">\n\t<p>&nbsp;<\/p>\n<p style=\"text-align: center;\"><span style=\"color: #c28111;\">ATELIER TRI ET RECYCLAGE AVEC LA SMA<\/span><\/p>\n<p>&nbsp;<br \/>\nDans le cadre de la semaine europ\u00e9enne de r\u00e9duction de d\u00e9chets (SERD), nous organisons un atelier sur le tri s\u00e9lectif pour notre personnel, anim\u00e9 par la <a href=\"https:\/\/www.sma.mc\/\">Soci\u00e9t\u00e9 Mon\u00e9gasque d'Assainissement<\/a> (SMA) le 21 Novembre.<\/p>\n<\/div>\n<\/div><\/div><\/div><div id=\"pgc-30667-7-1\"  class=\"panel-grid-cell panel-grid-cell-empty\" ><\/div><div id=\"pgc-30667-7-2\"  class=\"panel-grid-cell\" ><div id=\"panel-30667-7-2-0\" class=\"so-panel widget widget_sow-image panel-first-child\" data-index=\"18\" ><div\n\t\t\t\n\t\t\tclass=\"so-widget-sow-image so-widget-sow-image-default-8b5b6f678277-30667\"\n\t\t\t\n\t\t><\/div><\/div><div id=\"panel-30667-7-2-1\" class=\"so-panel widget widget_sow-editor panel-last-child\" data-index=\"19\" ><div\n\t\t\t\n\t\t\tclass=\"so-widget-sow-editor so-widget-sow-editor-base\"\n\t\t\t\n\t\t>\n<div class=\"siteorigin-widget-tinymce textwidget\">\n\t<p>&nbsp;<\/p>\n<p style=\"text-align: center;\"><span style=\"color: #c28111;\">ATELIER DE SENSIBILISATION 'FAST FASHION'<\/span><\/p>\n<p>&nbsp;<\/p>\n<p>Le 22 Novembre, nous organisons un workshop de sensibilisation pour le personnel :<\/p>\n<p>Sensibiliser le personnel sur les incidences de l'achat des textiles<br \/>\nPr\u00e9senter des chiffres sur la fabrication des v\u00eatements (eau, d\u00e9chets, transports, etc)<br \/>\nPistes\/axes d'am\u00e9lioration et r\u00e9duction de cette surconsommation<\/p>\n<\/div>\n<\/div><\/div><\/div><\/div><div id=\"pg-30667-8\"  class=\"panel-grid panel-no-style\" ><div id=\"pgc-30667-8-0\"  class=\"panel-grid-cell\" ><div id=\"panel-30667-8-0-0\" class=\"so-panel widget widget_sow-editor panel-first-child panel-last-child\" data-index=\"20\" ><div\n\t\t\t\n\t\t\tclass=\"so-widget-sow-editor so-widget-sow-editor-base\"\n\t\t\t\n\t\t>\n<div class=\"siteorigin-widget-tinymce textwidget\">\n\t<p style=\"text-align: center;\"><span style=\"font-size: 1em;\">D\u00e9couvrez le programme complet de cette \u00e9dition ci-dessous et sur la page <strong><a href=\"https:\/\/www.facebook.com\/SERDMONACO\/\">Facebook de la SERD Monaco<\/a> <\/strong><\/span>et sur les r\u00e9seaux sociaux avec le <strong>#SERDMONACO<\/strong><\/p>\n<p>&nbsp;<\/p>\n<\/div>\n<\/div><\/div><\/div><\/div><\/div>","protected":false},"excerpt":{"rendered":"<p>Le d\u00e9veloppement durable est au c\u0153ur des pr\u00e9occupations du Columbus Monte-Carlo. Nous multiplions les actions en faveur de la plan\u00e8te d&#8217;une mani\u00e8re g\u00e9n\u00e9rale tout au long de l&#8217;ann\u00e9e mais [&hellip;]<\/p>\n","protected":false},"author":8,"featured_media":25802,"parent":0,"menu_order":58,"comment_status":"closed","ping_status":"closed","template":"","meta":{"footnotes":""},"class_list":["post-30667","page","type-page","status-publish","has-post-thumbnail","hentry"],"yoast_head":"<!-- This site is optimized with the Yoast SEO plugin v27.4 - https:\/\/yoast.com\/product\/yoast-seo-wordpress\/ -->\n<title>Le Columbus Monte-Carlo s&#039;engage pour la SERD<\/title>\n<meta name=\"description\" content=\"Parcours saveur z\u00e9ro d\u00e9chet &amp; atelier cultiver et offrir une 2e vie \u00e0 ses legumes au Columbus Monte-Carlo pendant la SERD Monaco\" \/>\n<meta name=\"robots\" content=\"index, follow, max-snippet:-1, max-image-preview:large, max-video-preview:-1\" \/>\n<link rel=\"canonical\" href=\"https:\/\/www.columbushotels.com\/fr\/serd-2024\/\" \/>\n<meta property=\"og:locale\" content=\"fr_FR\" \/>\n<meta property=\"og:type\" content=\"article\" \/>\n<meta property=\"og:title\" content=\"Le Columbus Monte-Carlo s&#039;engage pour la SERD\" \/>\n<meta property=\"og:description\" content=\"Parcours saveur z\u00e9ro d\u00e9chet &amp; atelier cultiver et offrir une 2e vie \u00e0 ses legumes au Columbus Monte-Carlo pendant la SERD Monaco\" \/>\n<meta property=\"og:url\" content=\"https:\/\/www.columbushotels.com\/fr\/serd-2024\/\" \/>\n<meta property=\"og:site_name\" content=\"Columbus Monte-Carlo\" \/>\n<meta property=\"article:publisher\" content=\"https:\/\/www.facebook.com\/ColumbusMonteCarlo\" \/>\n<meta property=\"article:modified_time\" content=\"2024-11-13T18:17:32+00:00\" \/>\n<meta property=\"og:image\" content=\"https:\/\/www.columbushotels.com\/wp-content\/uploads\/Tavolo_restaurant-engage.jpg\" \/>\n\t<meta property=\"og:image:width\" content=\"600\" \/>\n\t<meta property=\"og:image:height\" content=\"338\" \/>\n\t<meta property=\"og:image:type\" content=\"image\/jpeg\" \/>\n<meta name=\"twitter:label1\" content=\"Dur\u00e9e de lecture estim\u00e9e\" \/>\n\t<meta name=\"twitter:data1\" content=\"5 minutes\" \/>\n<!-- \/ Yoast SEO plugin. -->","yoast_head_json":{"title":"Le Columbus Monte-Carlo s'engage pour la SERD","description":"Parcours saveur z\u00e9ro d\u00e9chet & atelier cultiver et offrir une 2e vie \u00e0 ses legumes au Columbus Monte-Carlo pendant la SERD Monaco","robots":{"index":"index","follow":"follow","max-snippet":"max-snippet:-1","max-image-preview":"max-image-preview:large","max-video-preview":"max-video-preview:-1"},"canonical":"https:\/\/www.columbushotels.com\/fr\/serd-2024\/","og_locale":"fr_FR","og_type":"article","og_title":"Le Columbus Monte-Carlo s'engage pour la SERD","og_description":"Parcours saveur z\u00e9ro d\u00e9chet & atelier cultiver et offrir une 2e vie \u00e0 ses legumes au Columbus Monte-Carlo pendant la SERD Monaco","og_url":"https:\/\/www.columbushotels.com\/fr\/serd-2024\/","og_site_name":"Columbus Monte-Carlo","article_publisher":"https:\/\/www.facebook.com\/ColumbusMonteCarlo","article_modified_time":"2024-11-13T18:17:32+00:00","og_image":[{"width":600,"height":338,"url":"https:\/\/www.columbushotels.com\/wp-content\/uploads\/Tavolo_restaurant-engage.jpg","type":"image\/jpeg"}],"twitter_misc":{"Dur\u00e9e de lecture estim\u00e9e":"5 minutes"},"schema":{"@context":"https:\/\/schema.org","@graph":[{"@type":"WebPage","@id":"https:\/\/www.columbushotels.com\/fr\/serd-2024\/","url":"https:\/\/www.columbushotels.com\/fr\/serd-2024\/","name":"Le Columbus Monte-Carlo s'engage pour la SERD","isPartOf":{"@id":"https:\/\/columbushotels.com\/it\/#website"},"primaryImageOfPage":{"@id":"https:\/\/www.columbushotels.com\/fr\/serd-2024\/#primaryimage"},"image":{"@id":"https:\/\/www.columbushotels.com\/fr\/serd-2024\/#primaryimage"},"thumbnailUrl":"https:\/\/columbushotels.com\/wp-content\/uploads\/Tavolo_restaurant-engage.jpg","datePublished":"2022-11-15T15:00:05+00:00","dateModified":"2024-11-13T18:17:32+00:00","description":"Parcours saveur z\u00e9ro d\u00e9chet & atelier cultiver et offrir une 2e vie \u00e0 ses legumes au Columbus Monte-Carlo pendant la SERD Monaco","breadcrumb":{"@id":"https:\/\/www.columbushotels.com\/fr\/serd-2024\/#breadcrumb"},"inLanguage":"fr-FR","potentialAction":[{"@type":"ReadAction","target":["https:\/\/www.columbushotels.com\/fr\/serd-2024\/"]}]},{"@type":"ImageObject","inLanguage":"fr-FR","@id":"https:\/\/www.columbushotels.com\/fr\/serd-2024\/#primaryimage","url":"https:\/\/columbushotels.com\/wp-content\/uploads\/Tavolo_restaurant-engage.jpg","contentUrl":"https:\/\/columbushotels.com\/wp-content\/uploads\/Tavolo_restaurant-engage.jpg","width":600,"height":338,"caption":"Tavolo_restaurant-engag\u00e9"},{"@type":"BreadcrumbList","@id":"https:\/\/www.columbushotels.com\/fr\/serd-2024\/#breadcrumb","itemListElement":[{"@type":"ListItem","position":1,"name":"Accueil","item":"https:\/\/www.columbushotels.com\/fr\/"},{"@type":"ListItem","position":2,"name":"Le Columbus Monte-Carlo s&#8217;engage pour la SERD"}]},{"@type":"WebSite","@id":"https:\/\/columbushotels.com\/it\/#website","url":"https:\/\/columbushotels.com\/it\/","name":"Columbus Monte-Carlo","description":"","publisher":{"@id":"https:\/\/columbushotels.com\/it\/#organization"},"potentialAction":[{"@type":"SearchAction","target":{"@type":"EntryPoint","urlTemplate":"https:\/\/columbushotels.com\/it\/?s={search_term_string}"},"query-input":{"@type":"PropertyValueSpecification","valueRequired":true,"valueName":"search_term_string"}}],"inLanguage":"fr-FR"},{"@type":"Organization","@id":"https:\/\/columbushotels.com\/it\/#organization","name":"Columbus Monte-Carlo","url":"https:\/\/columbushotels.com\/it\/","logo":{"@type":"ImageObject","inLanguage":"fr-FR","@id":"https:\/\/columbushotels.com\/it\/#\/schema\/logo\/image\/","url":"https:\/\/www.columbushotels.com\/wp-content\/uploads\/icon-tablette.png","contentUrl":"https:\/\/www.columbushotels.com\/wp-content\/uploads\/icon-tablette.png","width":144,"height":144,"caption":"Columbus Monte-Carlo"},"image":{"@id":"https:\/\/columbushotels.com\/it\/#\/schema\/logo\/image\/"},"sameAs":["https:\/\/www.facebook.com\/ColumbusMonteCarlo","https:\/\/x.com\/ColumbusMC","https:\/\/www.instagram.com\/columbusmchotel","https:\/\/www.linkedin.com\/company\/1316137"]}]}},"_links":{"self":[{"href":"https:\/\/columbushotels.com\/fr\/wp-json\/wp\/v2\/pages\/30667","targetHints":{"allow":["GET"]}}],"collection":[{"href":"https:\/\/columbushotels.com\/fr\/wp-json\/wp\/v2\/pages"}],"about":[{"href":"https:\/\/columbushotels.com\/fr\/wp-json\/wp\/v2\/types\/page"}],"author":[{"embeddable":true,"href":"https:\/\/columbushotels.com\/fr\/wp-json\/wp\/v2\/users\/8"}],"replies":[{"embeddable":true,"href":"https:\/\/columbushotels.com\/fr\/wp-json\/wp\/v2\/comments?post=30667"}],"version-history":[{"count":5,"href":"https:\/\/columbushotels.com\/fr\/wp-json\/wp\/v2\/pages\/30667\/revisions"}],"predecessor-version":[{"id":40580,"href":"https:\/\/columbushotels.com\/fr\/wp-json\/wp\/v2\/pages\/30667\/revisions\/40580"}],"wp:featuredmedia":[{"embeddable":true,"href":"https:\/\/columbushotels.com\/fr\/wp-json\/wp\/v2\/media\/25802"}],"wp:attachment":[{"href":"https:\/\/columbushotels.com\/fr\/wp-json\/wp\/v2\/media?parent=30667"}],"curies":[{"name":"wp","href":"https:\/\/api.w.org\/{rel}","templated":true}]}}