{"id":14643,"date":"2018-10-24T12:24:39","date_gmt":"2018-10-24T10:24:39","guid":{"rendered":"https:\/\/columbus.test-sites.fr\/privacy-policy\/"},"modified":"2023-11-27T18:27:45","modified_gmt":"2023-11-27T16:27:45","slug":"mentions-legales","status":"publish","type":"page","link":"https:\/\/columbushotels.com\/fr\/mentions-legales\/","title":{"rendered":"Politique de confidentialit\u00e9"},"content":{"rendered":"<div id=\"pl-14643\"  class=\"panel-layout\" ><div id=\"pg-14643-0\"  class=\"panel-grid panel-no-style\" ><div id=\"pgc-14643-0-0\"  class=\"panel-grid-cell\" ><div id=\"panel-14643-0-0-0\" class=\"so-panel widget widget_sow-editor panel-first-child panel-last-child\" data-index=\"0\" ><div\n\t\t\t\n\t\t\tclass=\"so-widget-sow-editor so-widget-sow-editor-base\"\n\t\t\t\n\t\t>\n<div class=\"siteorigin-widget-tinymce textwidget\">\n\t<p style=\"text-align: center;\">Date d'entr\u00e9e en vigueur : 22 mai 2018, mise \u00e0 jour le 12 d\u00e9cembre 2022<\/p>\n<p>&nbsp;<\/p>\n<p style=\"text-align: center;\"><span style=\"color: #c28111;\">NOTIFICATION DE TRANSFERT DU TRAITEMENT D\u2019INFORMATIONS NOMINATIVES<\/span><br \/>\n<strong>Soci\u00e9t\u00e9 Mon\u00e9gasque d\u2019H\u00f4tellerie SAM \u2013 23 avenue des Papalins, Columbus H\u00f4tel \u2013 98000 MONACO<\/strong><\/p>\n<p style=\"text-align: center;\">Conform\u00e9ment \u00e0 la r\u00e8glementation en vigueur en mati\u00e8re d\u2019informations nominatives, notamment la loi n\u00b01.165, nous tenons \u00e0 vous informer, en notre qualit\u00e9 de responsable du traitement d\u2019informations nominatives dont la finalit\u00e9 est \u00ab gestion des donn\u00e9es clients \u00bb que vos donn\u00e9es personnelles vont \u00eatre transf\u00e9r\u00e9es au nouvel exploitant de l\u2019h\u00f4tel-restaurant COLUMBUS MONTE-CARLO, la soci\u00e9t\u00e9 SAM MOCANA, enregistr\u00e9e au r\u00e9pertoire du commerce et de l\u2019industrie sous le num\u00e9ro 22S09353, sise 23 avenue des Papalins \u00e0 Monaco et repr\u00e9sent\u00e9e par son administrateur d\u00e9l\u00e9gu\u00e9 G\u00e9rard BERTOUT.<\/p>\n<p style=\"text-align: center;\">Ce transfert interviendra le 15 d\u00e9cembre 2022 dans le cadre de la cession du fonds de commerce au terme de laquelle l\u2019h\u00f4tel-restaurant COLUMBUS MONTE-CARLO situ\u00e9 23 rue des Papalins \u00e0 Monaco sera d\u00e9sormais exploit\u00e9 par la Soci\u00e9t\u00e9 <strong>SAM MOCANA.<\/strong><\/p>\n<p style=\"text-align: center;\">Nous vous rappelons qu\u2019en application de la loi 1.165, vous disposez d\u2019un droit d\u2019opposition au transfert de vos donn\u00e9es, un droit d\u2019acc\u00e8s, et un droit de rectification \u00e0 l\u2019\u00e9gard des informations vous concernant.<\/p>\n<p style=\"text-align: center;\">Pour le contr\u00f4le de la r\u00e9gularit\u00e9 des traitements des informations nominatives vous concernant, vous pouvez vous adresser \u00e0 la Commission de contr\u00f4le des informations nominatives aux coordonn\u00e9es suivantes :\u00ab Le Suffren \u00bb Bloc B 4\u00e8me \u00e9tage 7, rue Suffren Reymond 98000 \u2013 Monaco Tel : (+377).97.70.22.44.<\/p>\n<p>&nbsp;<br \/>\n&nbsp;<\/p>\n<div class=\"lien_reservation\" style=\"text-align: center;\"><a href=\"https:\/\/www.hilton.com\/fr\/p\/global-privacy-statement\/ \" target=\"_blank\" rel=\"noopener noreferrer\">En savoir plus sur la D\u00c9CLARATION G\u00c9N\u00c9RALE DE CONFIDENTIALIT\u00c9 DE HILTON<\/a><\/div>\n<p>&nbsp;<\/p>\n<\/div>\n<\/div><\/div><\/div><\/div><\/div>","protected":false},"excerpt":{"rendered":"<p>Date d&#8217;entr\u00e9e en vigueur : 22 mai 2018, mise \u00e0 jour le 12 d\u00e9cembre 2022 &nbsp; NOTIFICATION DE TRANSFERT DU TRAITEMENT D\u2019INFORMATIONS NOMINATIVES Soci\u00e9t\u00e9 Mon\u00e9gasque d\u2019H\u00f4tellerie SAM \u2013 23 [&hellip;]<\/p>\n","protected":false},"author":4,"featured_media":0,"parent":0,"menu_order":52,"comment_status":"closed","ping_status":"closed","template":"","meta":{"footnotes":""},"class_list":["post-14643","page","type-page","status-publish","hentry"],"yoast_head":"<!-- This site is optimized with the Yoast SEO plugin v27.3 - https:\/\/yoast.com\/product\/yoast-seo-wordpress\/ -->\n<title>Politique de confidentialit\u00e9 - Columbus Monte-Carlo<\/title>\n<meta name=\"robots\" content=\"index, follow, max-snippet:-1, max-image-preview:large, max-video-preview:-1\" \/>\n<link rel=\"canonical\" href=\"https:\/\/www.columbusmonaco.columbushotels.com\/fr\/mentions-legales\/\" \/>\n<meta property=\"og:locale\" content=\"fr_FR\" \/>\n<meta property=\"og:type\" content=\"article\" \/>\n<meta property=\"og:title\" content=\"Politique de confidentialit\u00e9 - Columbus Monte-Carlo\" \/>\n<meta property=\"og:description\" content=\"Date d&#039;entr\u00e9e en vigueur : 22 mai 2018, mise \u00e0 jour le 12 d\u00e9cembre 2022 &nbsp; NOTIFICATION DE TRANSFERT DU TRAITEMENT D\u2019INFORMATIONS NOMINATIVES Soci\u00e9t\u00e9 Mon\u00e9gasque d\u2019H\u00f4tellerie SAM \u2013 23 [&hellip;]\" \/>\n<meta property=\"og:url\" content=\"https:\/\/www.columbusmonaco.columbushotels.com\/fr\/mentions-legales\/\" \/>\n<meta property=\"og:site_name\" content=\"Columbus Monte-Carlo\" \/>\n<meta property=\"article:publisher\" content=\"https:\/\/www.facebook.com\/ColumbusMonteCarlo\" \/>\n<meta property=\"article:modified_time\" content=\"2023-11-27T16:27:45+00:00\" \/>\n<meta name=\"twitter:label1\" content=\"Dur\u00e9e de lecture estim\u00e9e\" \/>\n\t<meta name=\"twitter:data1\" content=\"2 minutes\" \/>\n<!-- \/ Yoast SEO plugin. -->","yoast_head_json":{"title":"Politique de confidentialit\u00e9 - Columbus Monte-Carlo","robots":{"index":"index","follow":"follow","max-snippet":"max-snippet:-1","max-image-preview":"max-image-preview:large","max-video-preview":"max-video-preview:-1"},"canonical":"https:\/\/www.columbusmonaco.columbushotels.com\/fr\/mentions-legales\/","og_locale":"fr_FR","og_type":"article","og_title":"Politique de confidentialit\u00e9 - Columbus Monte-Carlo","og_description":"Date d'entr\u00e9e en vigueur : 22 mai 2018, mise \u00e0 jour le 12 d\u00e9cembre 2022 &nbsp; NOTIFICATION DE TRANSFERT DU TRAITEMENT D\u2019INFORMATIONS NOMINATIVES Soci\u00e9t\u00e9 Mon\u00e9gasque d\u2019H\u00f4tellerie SAM \u2013 23 [&hellip;]","og_url":"https:\/\/www.columbusmonaco.columbushotels.com\/fr\/mentions-legales\/","og_site_name":"Columbus Monte-Carlo","article_publisher":"https:\/\/www.facebook.com\/ColumbusMonteCarlo","article_modified_time":"2023-11-27T16:27:45+00:00","twitter_misc":{"Dur\u00e9e de lecture estim\u00e9e":"2 minutes"},"schema":{"@context":"https:\/\/schema.org","@graph":[{"@type":"WebPage","@id":"https:\/\/www.columbusmonaco.columbushotels.com\/fr\/mentions-legales\/","url":"https:\/\/www.columbusmonaco.columbushotels.com\/fr\/mentions-legales\/","name":"Politique de confidentialit\u00e9 - Columbus Monte-Carlo","isPartOf":{"@id":"https:\/\/www.columbushotels.com\/#website"},"datePublished":"2018-10-24T10:24:39+00:00","dateModified":"2023-11-27T16:27:45+00:00","breadcrumb":{"@id":"https:\/\/www.columbusmonaco.columbushotels.com\/fr\/mentions-legales\/#breadcrumb"},"inLanguage":"fr-FR","potentialAction":[{"@type":"ReadAction","target":["https:\/\/www.columbusmonaco.columbushotels.com\/fr\/mentions-legales\/"]}]},{"@type":"BreadcrumbList","@id":"https:\/\/www.columbusmonaco.columbushotels.com\/fr\/mentions-legales\/#breadcrumb","itemListElement":[{"@type":"ListItem","position":1,"name":"Accueil","item":"https:\/\/www.columbusmonaco.columbushotels.com\/fr\/"},{"@type":"ListItem","position":2,"name":"Politique de confidentialit\u00e9"}]},{"@type":"WebSite","@id":"https:\/\/www.columbushotels.com\/#website","url":"https:\/\/www.columbushotels.com\/","name":"Columbus Monte-Carlo","description":"","publisher":{"@id":"https:\/\/www.columbushotels.com\/#organization"},"potentialAction":[{"@type":"SearchAction","target":{"@type":"EntryPoint","urlTemplate":"https:\/\/www.columbushotels.com\/?s={search_term_string}"},"query-input":{"@type":"PropertyValueSpecification","valueRequired":true,"valueName":"search_term_string"}}],"inLanguage":"fr-FR"},{"@type":"Organization","@id":"https:\/\/www.columbushotels.com\/#organization","name":"Columbus Monte-Carlo","url":"https:\/\/www.columbushotels.com\/","logo":{"@type":"ImageObject","inLanguage":"fr-FR","@id":"https:\/\/www.columbushotels.com\/#\/schema\/logo\/image\/","url":"https:\/\/www.columbushotels.com\/wp-content\/uploads\/icon-tablette.png","contentUrl":"https:\/\/www.columbushotels.com\/wp-content\/uploads\/icon-tablette.png","width":144,"height":144,"caption":"Columbus Monte-Carlo"},"image":{"@id":"https:\/\/www.columbushotels.com\/#\/schema\/logo\/image\/"},"sameAs":["https:\/\/www.facebook.com\/ColumbusMonteCarlo","https:\/\/x.com\/ColumbusMC","https:\/\/www.instagram.com\/columbusmchotel","https:\/\/www.linkedin.com\/company\/1316137"]}]}},"_links":{"self":[{"href":"https:\/\/columbushotels.com\/fr\/wp-json\/wp\/v2\/pages\/14643","targetHints":{"allow":["GET"]}}],"collection":[{"href":"https:\/\/columbushotels.com\/fr\/wp-json\/wp\/v2\/pages"}],"about":[{"href":"https:\/\/columbushotels.com\/fr\/wp-json\/wp\/v2\/types\/page"}],"author":[{"embeddable":true,"href":"https:\/\/columbushotels.com\/fr\/wp-json\/wp\/v2\/users\/4"}],"replies":[{"embeddable":true,"href":"https:\/\/columbushotels.com\/fr\/wp-json\/wp\/v2\/comments?post=14643"}],"version-history":[{"count":6,"href":"https:\/\/columbushotels.com\/fr\/wp-json\/wp\/v2\/pages\/14643\/revisions"}],"predecessor-version":[{"id":38862,"href":"https:\/\/columbushotels.com\/fr\/wp-json\/wp\/v2\/pages\/14643\/revisions\/38862"}],"wp:attachment":[{"href":"https:\/\/columbushotels.com\/fr\/wp-json\/wp\/v2\/media?parent=14643"}],"curies":[{"name":"wp","href":"https:\/\/api.w.org\/{rel}","templated":true}]}}