{"id":14634,"date":"2018-10-18T16:48:36","date_gmt":"2018-10-18T14:48:36","guid":{"rendered":"https:\/\/columbus.test-sites.fr\/green-initiatives\/"},"modified":"2024-06-25T16:59:32","modified_gmt":"2024-06-25T14:59:32","slug":"developpement-durable","status":"publish","type":"page","link":"https:\/\/columbushotels.com\/fr\/developpement-durable\/","title":{"rendered":"D\u00e9veloppement durable"},"content":{"rendered":"<div id=\"pl-14634\"  class=\"panel-layout\" ><div id=\"pg-14634-0\"  class=\"panel-grid panel-no-style\" ><div id=\"pgc-14634-0-0\"  class=\"panel-grid-cell\" ><div id=\"panel-14634-0-0-0\" class=\"so-panel widget widget_sow-editor panel-first-child panel-last-child\" data-index=\"0\" ><div\n\t\t\t\n\t\t\tclass=\"so-widget-sow-editor so-widget-sow-editor-base\"\n\t\t\t\n\t\t>\n<div class=\"siteorigin-widget-tinymce textwidget\">\n\t<p style=\"text-align: center;\">Le d\u00e9veloppement durable est au c\u0153ur des pr\u00e9occupations du Columbus Monte-Carlo. Signataire du<a href=\"https:\/\/transition-energetique.gouv.mc\/Pacte-National-pour-la-Transition-Energetique\"> Pacte National pour la Transition \u00c9nerg\u00e9tique<\/a>, nous multiplions nos actions en faveur de la plan\u00e8te.<\/p>\n<p>&nbsp;<\/p>\n<p style=\"text-align: center;\">Quelques exemples de nos r\u00e9cents changements :<\/p>\n<\/div>\n<\/div><\/div><\/div><\/div><div id=\"pg-14634-1\"  class=\"panel-grid panel-no-style\" ><div id=\"pgc-14634-1-0\"  class=\"panel-grid-cell\" ><div id=\"panel-14634-1-0-0\" class=\"so-panel widget widget_sow-editor panel-first-child panel-last-child\" data-index=\"1\" ><div\n\t\t\t\n\t\t\tclass=\"so-widget-sow-editor so-widget-sow-editor-base\"\n\t\t\t\n\t\t>\n<div class=\"siteorigin-widget-tinymce textwidget\">\n\t<p style=\"text-align: center;\"><span lang=\"EN-GB\" style=\"color: #c28111;\">EN CHAMBRE<\/span><\/p>\n<p>&nbsp;<\/p>\n<ul>\n<li>Les uniformes de nos \u00e9quipes sont fabriqu\u00e9es en Europe de mati\u00e8res recycl\u00e9es par <span style=\"color: #c28111;\"><span style=\"color: #c28111;\"><a style=\"color: #c28111;\" href=\"https:\/\/www.noliju.com\/pages\/nolipro\" target=\"_blank\" rel=\"noopener noreferrer\">NOLIJU<\/a>.<\/span><\/span><\/li>\n<li>Une petite note est plac\u00e9e dans les chambres et les salles-de-bain pour inciter les clients \u00e0 ne pas faire changer le linge de toilette tous les jours. \u00c9galement, le linge de lit peut \u00eatre chang\u00e9 tous les trois jours au lieu de deux.<\/li>\n<li style=\"text-align: left;\">Kits de rasage et brosses \u00e0 dents biod\u00e9gradables.<\/li>\n<li style=\"text-align: left;\">Nous recyclons les savons usag\u00e9s gr\u00e2ce au programme\u00a0\u00a0<span style=\"color: #c28111;\"><span style=\"color: #c28111;\"><a style=\"color: #c28111;\" href=\"http:\/\/www.sapocycle.org\/\" target=\"_blank\" rel=\"noopener noreferrer\">SAPOCYCLE <\/a><\/span><\/span>qui les recycle pour des organisations caritatives.<\/li>\n<li style=\"text-align: left;\"><\/li>\n<li><\/li>\n<\/ul>\n<\/div>\n<\/div><\/div><\/div><\/div><div id=\"pg-14634-2\"  class=\"panel-grid panel-no-style\" ><div id=\"pgc-14634-2-0\"  class=\"panel-grid-cell\" ><div id=\"panel-14634-2-0-0\" class=\"so-panel widget widget_sow-editor panel-first-child panel-last-child\" data-index=\"2\" ><div\n\t\t\t\n\t\t\tclass=\"so-widget-sow-editor so-widget-sow-editor-base\"\n\t\t\t\n\t\t>\n<div class=\"siteorigin-widget-tinymce textwidget\">\n\t<p style=\"text-align: center;\"><span lang=\"EN-GB\" style=\"color: #c28111;\">R\u00c9DUCTION DE D\u00c9CHETS &amp; RECYCLAGE<\/span><\/p>\n<p>&nbsp;<\/p>\n<p style=\"text-align: left;\">Conform\u00e9ment \u00e0 la l\u00e9gislation mon\u00e9gasque, nous n'utilisons plus des coton tiges ou des pailles, couverts ou assiettes en plastique. Depuis janvier 2020, le gel-douche\/shampoing et la cr\u00e8me hydratante se pr\u00e9sentent en chambre sous forme de flacon, rempla\u00e7ant ainsi les petites bouteilles individuelles en plastique. Nos bouteilles d\u2019eau sont en verre consign\u00e9. Les cl\u00e9s de chambre sont en bambou. Nous avons opt\u00e9 pour des <span style=\"color: #c28111;\"><a style=\"color: #c28111;\" href=\"https:\/\/www.v-bcard.com\/\" target=\"_blank\" rel=\"noopener noreferrer\">CARTES DE VISITE VIRTUELLES<\/a><\/span>.<\/p>\n<p style=\"text-align: left;\">Un tri s\u00e9lectif des poubelles est effectu\u00e9 (papier, plastique, ampoules, piles, bouteilles en verre, ...). Nous recyclons des outils informatiques. Le Columbus Monte-Carlo dispose d\u2019un compacteur pour les cartons, et essaye autant que possible de leur donner une 2\u00e8me vie avec nos fournisseurs de nourriture et boissons.<\/p>\n<p style=\"text-align: left;\">Nous nous engageons pour la Semaine Europ\u00e9enne de la r\u00e9duction de d\u00e9chets <span style=\"color: #c28111;\"><span style=\"color: #c28111;\"><a style=\"color: #c28111;\" href=\"https:\/\/www.columbushotels.com\/fr\/serd-2023\" target=\"_blank\" rel=\"noopener noreferrer\">(SERD<\/a>)<\/span><\/span>\u00a0avec des ateliers, journ\u00e9e sans viande etc.<\/p>\n<p>Nous avons \u00e9limin\u00e9 les petits pots individuels de confiture et de miel de notre buffet petit-d\u00e9jeuner. Vous trouverez des distributeurs de confiture et DU MIEL EN RAYON. Ce produit naturel n'a subi aucun traitement, filtrage ni manipulation, et il est dans l'\u00e9tat produit par les abeilles.<\/p>\n<\/div>\n<\/div><\/div><\/div><\/div><div id=\"pg-14634-3\"  class=\"panel-grid panel-no-style\" ><div id=\"pgc-14634-3-0\"  class=\"panel-grid-cell\" ><div id=\"panel-14634-3-0-0\" class=\"so-panel widget widget_sow-editor panel-first-child panel-last-child\" data-index=\"3\" ><div\n\t\t\t\n\t\t\tclass=\"so-widget-sow-editor so-widget-sow-editor-base\"\n\t\t\t\n\t\t>\n<div class=\"siteorigin-widget-tinymce textwidget\">\n\t<p style=\"text-align: center;\"><span lang=\"EN-GB\" style=\"color: #c28111;\">R\u00c9DUCTION DE GASPILLAGE ALIMENTAIRE<\/span><\/p>\n<p>&nbsp;<\/p>\n<p style=\"text-align: left;\"><!-- wp:paragraph --><\/p>\n<p>Tavolo a obtenu le label \u00ab <span style=\"color: #c28111;\"><a style=\"color: #c28111;\" href=\"https:\/\/www.commerce-engage.com\/monaco\/commerce\/\" target=\"_blank\" rel=\"noopener noreferrer\">RESTAURANT ENGAG\u00c9<\/a><\/span>\u00bb du Gouvernement Princier en reconnaissance de notre d\u00e9marche \u00e9co-responsable et de notre volont\u00e9 de progresser continuellement. Tavolo s'engage \u00e0 s\u2019approvisionner en circuit court et de proximit\u00e9, \u00e0 r\u00e9duire et trier des d\u00e9chets et s'implique dans la lutte contre le gaspillage alimentaire.<\/p>\n<p>Tous les plats de notre carte sont \u00e9labor\u00e9s \u00e0 base de produits frais, locaux et de saison, et vous pouvez demander votre <span style=\"color: #c28111;\"><a style=\"color: #c28111;\" href=\"https:\/\/www.contrelegaspillage.mc\/\" target=\"_blank\" rel=\"noopener noreferrer\"> PETITE BOITE<\/a><\/span> \u00a0ou <span style=\"color: #c28111;\"><a style=\"color: #c28111;\" href=\"https:\/\/maconsigne.com\/\" target=\"_blank\" rel=\"noopener noreferrer\">MA CONSIGNE<\/a><\/span> ou apporter votre contenant pour emporter ce que vous n'avez pas pu finir !<\/p>\n<p>&nbsp;<\/p>\n<\/div>\n<\/div><\/div><\/div><\/div><div id=\"pg-14634-4\"  class=\"panel-grid panel-no-style\" ><div id=\"pgc-14634-4-0\"  class=\"panel-grid-cell\" ><div id=\"panel-14634-4-0-0\" class=\"so-panel widget widget_sow-editor panel-first-child panel-last-child\" data-index=\"4\" ><div\n\t\t\t\n\t\t\tclass=\"so-widget-sow-editor so-widget-sow-editor-base\"\n\t\t\t\n\t\t>\n<div class=\"siteorigin-widget-tinymce textwidget\">\n\t<p style=\"text-align: center;\"><span lang=\"EN-GB\" style=\"color: #c28111;\">\u00c9L\u00c9CTRICITE<\/span><\/p>\n<p>&nbsp;<\/p>\n<p style=\"text-align: left;\">En tant que\u00a0<span style=\"color: #c28111;\"><a style=\"color: #c28111;\" href=\"https:\/\/monecowatt.fr\/\" target=\"_blank\" rel=\"noopener noreferrer\">AMBASSADEUR ECOWATT<\/a>\u00a0<\/span>PACA depuis 2012, Columbus Monte-Carlo s'est engag\u00e9 dans la d\u00e9marche citoyenne en r\u00e9duisant sa consommation d'\u00e9lectricit\u00e9 en cas d'alerte dans les p\u00e9riodes de forte consommation \u00e9lectrique.<\/p>\n<p>&nbsp;<\/p>\n<p style=\"text-align: left;\">Columbus Monte-Carlo est connect\u00e9 au r\u00e9seau<span style=\"color: #c28111;\"><a style=\"color: #c28111;\" href=\"http:\/\/www.smeg.mc\/fr\/qui-sommes-nous\/nos-activites\/chaud-froid-urbains\" target=\"_blank\" rel=\"noopener noreferrer\"> SEAWERGIE<\/a><\/span> , un outil de d\u00e9veloppement durable pour la Principaut\u00e9.<\/p>\n<p>&nbsp;<\/p>\n<p style=\"text-align: left;\">La Centrale de production de chaleur et de froid est connect\u00e9e d\u2019une part au centre de valorisation des d\u00e9chets (CVD) et d\u2019autre part \u00e0 une station de pompage eau de mer souterraine int\u00e9gr\u00e9e dans la Digue de Fontvieille. L\u2019\u00c9nergie est d\u00e9livr\u00e9e par des r\u00e9seaux de canalisations isol\u00e9s cheminant sous la voirie jusqu\u2019aux immeubles connect\u00e9s.<\/p>\n<p>&nbsp;<\/p>\n<p style=\"text-align: left;\">Cette centrale permet de recycler l\u2019\u00e9nergie issue des d\u00e9chets m\u00e9nagers sous trois formes\u00a0:<\/p>\n<ul style=\"text-align: left;\">\n<li>L\u2019\u00e9lectricit\u00e9,\u00a0en partie redistribu\u00e9e sur le r\u00e9seau public<\/li>\n<li>L\u2019eau chaude,\u00a0distribu\u00e9e sur les r\u00e9seaux de chaleur permet de chauffer les b\u00e2timents et de produire l\u2019eau chaude sanitaire. Cela\u00a0\u00e9vite le rejet de 6000 tonnes de CO2\u00a0par an.<\/li>\n<li>L\u2019eau glac\u00e9e,\u00a0distribu\u00e9e sur le r\u00e9seau de froid permet de climatiser des immeubles tertiaires et d\u2019habitation ou des process industriels.<\/li>\n<\/ul>\n<p style=\"text-align: left;\">Gr\u00e2ce \u00e0 ce principe de TRIG\u00c9N\u00c9RATION,\u00a0la centrale de Monaco est capable d\u2019utiliser l\u2019\u00e9nergie issue des d\u00e9chets sur son r\u00e9seau de froid pour climatiser les b\u00e2timents. L\u2019avantage est double, r\u00e9duction des consommations d\u2019\u00e9lectricit\u00e9 et utilisation d\u2019une \u00e9nergie locale de r\u00e9cup\u00e9ration.<\/p>\n<p>&nbsp;<\/p>\n<p style=\"text-align: left;\">Toutes les ampoules 60 watts incandescentes ont \u00e9t\u00e9 remplac\u00e9es par des ampoules 11 watts. Des d\u00e9tecteurs de mouvement ont \u00e9t\u00e9 install\u00e9s dans les 9 \u00e9tages et les parties communes et les spots dans les parties communes ont \u00e9t\u00e9 remplac\u00e9s par des LEDs 6 watts.<\/p>\n<p>&nbsp;<\/p>\n<p>Nous avons des bornes de rechargements pour <span style=\"color: #c28111;\">VOITURES ELECTRIQUES.<\/span><\/p>\n<p>&nbsp;<\/p>\n<p>Nous nous engageons continuellement et participons \u00e0 des \u00e9v\u00e8nements comme <span style=\"color: #c28111;\"><a style=\"color: #c28111;\" href=\"https:\/\/www.earthhour.org\/\" target=\"_blank\" rel=\"noopener noreferrer\">EARTH HOUR<\/a> <\/span>et <span style=\"color: #c28111;\"><a style=\"color: #c28111;\" href=\"https:\/\/www.digitalcleanupday.org\/\" target=\"_blank\" rel=\"noopener noreferrer\">DIGITAL CLEANUP DAY<\/a><\/span>.<\/p>\n<\/div>\n<\/div><\/div><\/div><\/div><div id=\"pg-14634-5\"  class=\"panel-grid panel-no-style\" ><div id=\"pgc-14634-5-0\"  class=\"panel-grid-cell\" ><div id=\"panel-14634-5-0-0\" class=\"so-panel widget widget_sow-editor panel-first-child panel-last-child\" data-index=\"5\" ><div\n\t\t\t\n\t\t\tclass=\"so-widget-sow-editor so-widget-sow-editor-base\"\n\t\t\t\n\t\t>\n<div class=\"siteorigin-widget-tinymce textwidget\">\n\t<p style=\"text-align: center;\"><span lang=\"EN-GB\" style=\"color: #c28111;\">EAU<\/span><\/p>\n<ul>\n<li style=\"text-align: left;\">Installation de mousseur-anti gouttes dans les 181 chambres.<\/li>\n<li style=\"text-align: left;\">Installation de fontaines \u00e0 eau \u00e0 disposition du personnel et des clients pour supprimer les bouteilles d\u2019eau - nous encourageons nos clients \u00e0 utiliser des gourdes (disponible \u00e0 l'achat \u00e0 la reception) qui peuvent \u00eatre remplies dans la fontaine d'eau situ\u00e9e dans notre lobby ou dans plusieurs sites en ville (<a href=\"https:\/\/transition-energetique.gouv.mc\/Les-Cartes-reparateurs-et-seconde-vie-collecte-vetements-et-jouets-fontaines\"><strong>vous trouverez ici un plan de ville<\/strong><\/a>)<\/li>\n<li style=\"text-align: left;\">Installation de r\u00e9ducteurs de d\u00e9bit dans les douches et robinets (&lt;8l\/mn)<\/li>\n<\/ul>\n<\/div>\n<\/div><\/div><\/div><\/div><div id=\"pg-14634-6\"  class=\"panel-grid panel-no-style\" ><div id=\"pgc-14634-6-0\"  class=\"panel-grid-cell\" ><div id=\"panel-14634-6-0-0\" class=\"so-panel widget widget_sow-editor panel-first-child panel-last-child\" data-index=\"6\" ><div\n\t\t\t\n\t\t\tclass=\"so-widget-sow-editor so-widget-sow-editor-base\"\n\t\t\t\n\t\t>\n<div class=\"siteorigin-widget-tinymce textwidget\">\n\t<p style=\"text-align: center;\"><span lang=\"EN-GB\" style=\"color: #c28111;\">MOBILIT\u00c9<\/span><\/p>\n<p>&nbsp;<\/p>\n<ul>\n<li style=\"text-align: left;\">Notre parking est \u00e9quip\u00e9 de quatre bornes de recharge rapides pour v\u00e9hicules \u00e9lectriques (r\u00e9serv\u00e9s aux clients de l'h\u00f4tel)<\/li>\n<li style=\"text-align: left;\">Nous encourageons nos employ\u00e9s \u00e0 utiliser l'application de covoiturage <a style=\"color: #c28111;\" href=\"https:\/\/www.klaxit.com\/\" target=\"_blank\" rel=\"noopener noreferrer\">KLAXIT<\/a><\/li>\n<li style=\"text-align: left;\">Les d\u00e9placements de nos clients et employ\u00e9s sont facilit\u00e9s par la proximit\u00e9 d'une station<a style=\"color: #c28111;\" href=\"https:\/\/monabike.mc\/\" target=\"_blank\" rel=\"noopener noreferrer\">MONABIKE<\/a><\/li>\n<li style=\"text-align: left;\"><\/li>\n<li><\/li>\n<\/ul>\n<\/div>\n<\/div><\/div><\/div><\/div><div id=\"pg-14634-7\"  class=\"panel-grid panel-no-style\" ><div id=\"pgc-14634-7-0\"  class=\"panel-grid-cell\" ><div id=\"panel-14634-7-0-0\" class=\"so-panel widget widget_sow-editor panel-first-child panel-last-child\" data-index=\"7\" ><div\n\t\t\t\n\t\t\tclass=\"so-widget-sow-editor so-widget-sow-editor-base\"\n\t\t\t\n\t\t>\n<div class=\"siteorigin-widget-tinymce textwidget\">\n\t<p style=\"text-align: center;\"><span style=\"color: #c28111;\">TOURISME \u00c9CO-RESPONSABLE<\/span><\/p>\n<p>&nbsp;<\/p>\n<p style=\"text-align: left;\">Nous encourageons nos clients \u00e0 suivre des bonnes pratiques et essayer de r\u00e9duire leur impact.<\/p>\n<p style=\"text-align: left;\">Nous sommes list\u00e9s sur le site <span style=\"color: #c28111;\"><a style=\"color: #c28111;\" href=\"http:\/\/wayaj.com\/\" target=\"_blank\" rel=\"noopener noreferrer\">WAYAJ<\/a>,<\/span> la premi\u00e8re application cr\u00e9\u00e9e pour d\u00e9couvrir et r\u00e9server les \u00e9tablissements qui ont une politique environnementale \u00e9labor\u00e9e.<\/p>\n<\/div>\n<\/div><\/div><\/div><\/div><div id=\"pg-14634-8\"  class=\"panel-grid panel-no-style\" ><div id=\"pgc-14634-8-0\"  class=\"panel-grid-cell\" ><div id=\"panel-14634-8-0-0\" class=\"so-panel widget widget_sow-editor panel-first-child panel-last-child\" data-index=\"8\" ><div\n\t\t\t\n\t\t\tclass=\"so-widget-sow-editor so-widget-sow-editor-base\"\n\t\t\t\n\t\t>\n<div class=\"siteorigin-widget-tinymce textwidget\">\n\t<p style=\"text-align: center;\"><span lang=\"EN-GB\" style=\"color: #c28111;\">FUTURS PROJETS<\/span><\/p>\n<ul>\n<li style=\"text-align: left;\">Une formation continue des employ\u00e9s sur le tri s\u00e9lectif<\/li>\n<li style=\"text-align: left;\">Formation continue du personnel sur l'impact des technologies num\u00e9riques et cr\u00e9ation de bonnes pratiques num\u00e9riques<\/li>\n<li style=\"text-align: left;\">Certification Green Globe<\/li>\n<\/ul>\n<\/div>\n<\/div><\/div><\/div><\/div><div id=\"pg-14634-9\"  class=\"panel-grid panel-no-style\" ><div id=\"pgc-14634-9-0\"  class=\"panel-grid-cell\" ><div id=\"panel-14634-9-0-0\" class=\"so-panel widget widget_sow-image panel-first-child panel-last-child\" data-index=\"9\" ><div\n\t\t\t\n\t\t\tclass=\"so-widget-sow-image so-widget-sow-image-default-8b5b6f678277-14634\"\n\t\t\t\n\t\t>\n<div class=\"sow-image-container\">\n\t\t<img \n\tsrc=\"https:\/\/columbushotels.com\/wp-content\/uploads\/Columbus-Monte-Carlo-certificat-electricite-verte.jpg\" width=\"1200\" height=\"849\" srcset=\"https:\/\/columbushotels.com\/wp-content\/uploads\/Columbus-Monte-Carlo-certificat-electricite-verte.jpg 1200w, https:\/\/columbushotels.com\/wp-content\/uploads\/Columbus-Monte-Carlo-certificat-electricite-verte-300x212.jpg 300w, https:\/\/columbushotels.com\/wp-content\/uploads\/Columbus-Monte-Carlo-certificat-electricite-verte-1024x724.jpg 1024w\" sizes=\"(max-width: 1200px) 100vw, 1200px\" title=\"Columbus-Monte-Carlo-certificat-electricit\u00e9-verte\" alt=\"Columbus-Monte-Carlo-certificat-electricit\u00e9-verte\" \t\tclass=\"so-widget-image\"\/>\n\t<\/div>\n\n<\/div><\/div><\/div><div id=\"pgc-14634-9-1\"  class=\"panel-grid-cell\" ><div id=\"panel-14634-9-1-0\" class=\"so-panel widget widget_sow-image panel-first-child panel-last-child\" data-index=\"10\" ><div\n\t\t\t\n\t\t\tclass=\"so-widget-sow-image so-widget-sow-image-default-8b5b6f678277-14634\"\n\t\t\t\n\t\t>\n<div class=\"sow-image-container\">\n\t\t<img \n\tsrc=\"https:\/\/columbushotels.com\/wp-content\/uploads\/Tavolo_restaurant-engage.jpg\" width=\"600\" height=\"338\" srcset=\"https:\/\/columbushotels.com\/wp-content\/uploads\/Tavolo_restaurant-engage.jpg 600w, https:\/\/columbushotels.com\/wp-content\/uploads\/Tavolo_restaurant-engage-300x169.jpg 300w\" sizes=\"(max-width: 600px) 100vw, 600px\" title=\"Tavolo_restaurant-engag\u00e9\" alt=\"Tavolo_restaurant-engag\u00e9\" \t\tclass=\"so-widget-image\"\/>\n\t<\/div>\n\n<\/div><\/div><\/div><div id=\"pgc-14634-9-2\"  class=\"panel-grid-cell\" ><div id=\"panel-14634-9-2-0\" class=\"so-panel widget widget_sow-editor panel-first-child panel-last-child\" data-index=\"11\" ><div\n\t\t\t\n\t\t\tclass=\"so-widget-sow-editor so-widget-sow-editor-base\"\n\t\t\t\n\t\t>\n<div class=\"siteorigin-widget-tinymce textwidget\">\n\t<div id=\"TA_greenleader677\" class=\"TA_greenleader\">\n<ul id=\"yPvIaL\" class=\"TA_links URu1PZn9\">\n<li id=\"fNYufLs\" class=\"HuUqlW\"><a target=\"_blank\" href=\"https:\/\/www.tripadvisor.fr\/\" rel=\"noopener noreferrer\"><img decoding=\"async\" src=\"https:\/\/www.tripadvisor.fr\/img\/cdsi\/langs\/awards\/GreenLeaders_Logo-17354-2.png\" alt=\"TripAdvisor\" class=\"widGRNImg\" id=\"S_GREEN_LEADER_LOGO\"\/><\/a><\/li>\n<\/ul>\n<\/div>\n<p><script async src=\"https:\/\/www.jscache.com\/wejs?wtype=greenleader&amp;uniq=677&amp;locationId=244581&amp;lang=fr&amp;border=true&amp;display_version=2\" data-loadtrk onload=\"this.loadtrk=true\"><\/script><\/p>\n<\/div>\n<\/div><\/div><\/div><\/div><\/div>","protected":false},"excerpt":{"rendered":"<p>Le d\u00e9veloppement durable est au c\u0153ur des pr\u00e9occupations du Columbus Monte-Carlo. Signataire du Pacte National pour la Transition \u00c9nerg\u00e9tique, nous multiplions nos actions en faveur de la plan\u00e8te. &nbsp; [&hellip;]<\/p>\n","protected":false},"author":4,"featured_media":25802,"parent":0,"menu_order":58,"comment_status":"closed","ping_status":"closed","template":"","meta":{"footnotes":""},"class_list":["post-14634","page","type-page","status-publish","has-post-thumbnail","hentry"],"yoast_head":"<!-- This site is optimized with the Yoast SEO plugin v27.3 - https:\/\/yoast.com\/product\/yoast-seo-wordpress\/ -->\n<title>D\u00e9veloppement durable<\/title>\n<meta name=\"description\" content=\"Le d\u00e9veloppement durable est au c\u0153ur des pr\u00e9occupations du Columbus Monte-Carlo. Nous multiplions nos actions en faveurs de la plan\u00e8te.\" \/>\n<meta name=\"robots\" content=\"index, follow, max-snippet:-1, max-image-preview:large, max-video-preview:-1\" \/>\n<link rel=\"canonical\" href=\"https:\/\/mail.columbushotels.com\/fr\/developpement-durable\/\" \/>\n<meta property=\"og:locale\" content=\"fr_FR\" \/>\n<meta property=\"og:type\" content=\"article\" \/>\n<meta property=\"og:title\" content=\"D\u00e9veloppement durable\" \/>\n<meta property=\"og:description\" content=\"Le d\u00e9veloppement durable est au c\u0153ur des pr\u00e9occupations du Columbus Monte-Carlo. Nous multiplions nos actions en faveurs de la plan\u00e8te.\" \/>\n<meta property=\"og:url\" content=\"https:\/\/mail.columbushotels.com\/fr\/developpement-durable\/\" \/>\n<meta property=\"og:site_name\" content=\"Columbus Monte-Carlo\" \/>\n<meta property=\"article:publisher\" content=\"https:\/\/www.facebook.com\/ColumbusMonteCarlo\" \/>\n<meta property=\"article:modified_time\" content=\"2024-06-25T14:59:32+00:00\" \/>\n<meta property=\"og:image\" content=\"https:\/\/mail.columbushotels.com\/wp-content\/uploads\/Tavolo_restaurant-engage.jpg\" \/>\n\t<meta property=\"og:image:width\" content=\"600\" \/>\n\t<meta property=\"og:image:height\" content=\"338\" \/>\n\t<meta property=\"og:image:type\" content=\"image\/jpeg\" \/>\n<meta name=\"twitter:label1\" content=\"Dur\u00e9e de lecture estim\u00e9e\" \/>\n\t<meta name=\"twitter:data1\" content=\"5 minutes\" \/>\n<!-- \/ Yoast SEO plugin. -->","yoast_head_json":{"title":"D\u00e9veloppement durable","description":"Le d\u00e9veloppement durable est au c\u0153ur des pr\u00e9occupations du Columbus Monte-Carlo. Nous multiplions nos actions en faveurs de la plan\u00e8te.","robots":{"index":"index","follow":"follow","max-snippet":"max-snippet:-1","max-image-preview":"max-image-preview:large","max-video-preview":"max-video-preview:-1"},"canonical":"https:\/\/mail.columbushotels.com\/fr\/developpement-durable\/","og_locale":"fr_FR","og_type":"article","og_title":"D\u00e9veloppement durable","og_description":"Le d\u00e9veloppement durable est au c\u0153ur des pr\u00e9occupations du Columbus Monte-Carlo. Nous multiplions nos actions en faveurs de la plan\u00e8te.","og_url":"https:\/\/mail.columbushotels.com\/fr\/developpement-durable\/","og_site_name":"Columbus Monte-Carlo","article_publisher":"https:\/\/www.facebook.com\/ColumbusMonteCarlo","article_modified_time":"2024-06-25T14:59:32+00:00","og_image":[{"width":600,"height":338,"url":"https:\/\/mail.columbushotels.com\/wp-content\/uploads\/Tavolo_restaurant-engage.jpg","type":"image\/jpeg"}],"twitter_misc":{"Dur\u00e9e de lecture estim\u00e9e":"5 minutes"},"schema":{"@context":"https:\/\/schema.org","@graph":[{"@type":"WebPage","@id":"https:\/\/mail.columbushotels.com\/fr\/developpement-durable\/","url":"https:\/\/mail.columbushotels.com\/fr\/developpement-durable\/","name":"D\u00e9veloppement durable","isPartOf":{"@id":"https:\/\/columbushotels.com\/fr\/#website"},"primaryImageOfPage":{"@id":"https:\/\/mail.columbushotels.com\/fr\/developpement-durable\/#primaryimage"},"image":{"@id":"https:\/\/mail.columbushotels.com\/fr\/developpement-durable\/#primaryimage"},"thumbnailUrl":"https:\/\/columbushotels.com\/wp-content\/uploads\/Tavolo_restaurant-engage.jpg","datePublished":"2018-10-18T14:48:36+00:00","dateModified":"2024-06-25T14:59:32+00:00","description":"Le d\u00e9veloppement durable est au c\u0153ur des pr\u00e9occupations du Columbus Monte-Carlo. Nous multiplions nos actions en faveurs de la plan\u00e8te.","breadcrumb":{"@id":"https:\/\/mail.columbushotels.com\/fr\/developpement-durable\/#breadcrumb"},"inLanguage":"fr-FR","potentialAction":[{"@type":"ReadAction","target":["https:\/\/mail.columbushotels.com\/fr\/developpement-durable\/"]}]},{"@type":"ImageObject","inLanguage":"fr-FR","@id":"https:\/\/mail.columbushotels.com\/fr\/developpement-durable\/#primaryimage","url":"https:\/\/columbushotels.com\/wp-content\/uploads\/Tavolo_restaurant-engage.jpg","contentUrl":"https:\/\/columbushotels.com\/wp-content\/uploads\/Tavolo_restaurant-engage.jpg","width":600,"height":338,"caption":"Tavolo_restaurant-engag\u00e9"},{"@type":"BreadcrumbList","@id":"https:\/\/mail.columbushotels.com\/fr\/developpement-durable\/#breadcrumb","itemListElement":[{"@type":"ListItem","position":1,"name":"Accueil","item":"https:\/\/columbushotels.com\/fr\/"},{"@type":"ListItem","position":2,"name":"D\u00e9veloppement durable"}]},{"@type":"WebSite","@id":"https:\/\/columbushotels.com\/fr\/#website","url":"https:\/\/columbushotels.com\/fr\/","name":"Columbus Monte-Carlo","description":"","publisher":{"@id":"https:\/\/columbushotels.com\/fr\/#organization"},"potentialAction":[{"@type":"SearchAction","target":{"@type":"EntryPoint","urlTemplate":"https:\/\/columbushotels.com\/fr\/?s={search_term_string}"},"query-input":{"@type":"PropertyValueSpecification","valueRequired":true,"valueName":"search_term_string"}}],"inLanguage":"fr-FR"},{"@type":"Organization","@id":"https:\/\/columbushotels.com\/fr\/#organization","name":"Columbus Monte-Carlo","url":"https:\/\/columbushotels.com\/fr\/","logo":{"@type":"ImageObject","inLanguage":"fr-FR","@id":"https:\/\/columbushotels.com\/fr\/#\/schema\/logo\/image\/","url":"https:\/\/www.columbushotels.com\/wp-content\/uploads\/icon-tablette.png","contentUrl":"https:\/\/www.columbushotels.com\/wp-content\/uploads\/icon-tablette.png","width":144,"height":144,"caption":"Columbus Monte-Carlo"},"image":{"@id":"https:\/\/columbushotels.com\/fr\/#\/schema\/logo\/image\/"},"sameAs":["https:\/\/www.facebook.com\/ColumbusMonteCarlo","https:\/\/x.com\/ColumbusMC","https:\/\/www.instagram.com\/columbusmchotel","https:\/\/www.linkedin.com\/company\/1316137"]}]}},"_links":{"self":[{"href":"https:\/\/columbushotels.com\/fr\/wp-json\/wp\/v2\/pages\/14634","targetHints":{"allow":["GET"]}}],"collection":[{"href":"https:\/\/columbushotels.com\/fr\/wp-json\/wp\/v2\/pages"}],"about":[{"href":"https:\/\/columbushotels.com\/fr\/wp-json\/wp\/v2\/types\/page"}],"author":[{"embeddable":true,"href":"https:\/\/columbushotels.com\/fr\/wp-json\/wp\/v2\/users\/4"}],"replies":[{"embeddable":true,"href":"https:\/\/columbushotels.com\/fr\/wp-json\/wp\/v2\/comments?post=14634"}],"version-history":[{"count":6,"href":"https:\/\/columbushotels.com\/fr\/wp-json\/wp\/v2\/pages\/14634\/revisions"}],"predecessor-version":[{"id":39713,"href":"https:\/\/columbushotels.com\/fr\/wp-json\/wp\/v2\/pages\/14634\/revisions\/39713"}],"wp:featuredmedia":[{"embeddable":true,"href":"https:\/\/columbushotels.com\/fr\/wp-json\/wp\/v2\/media\/25802"}],"wp:attachment":[{"href":"https:\/\/columbushotels.com\/fr\/wp-json\/wp\/v2\/media?parent=14634"}],"curies":[{"name":"wp","href":"https:\/\/api.w.org\/{rel}","templated":true}]}}