{"id":13500,"date":"2018-07-05T17:48:25","date_gmt":"2018-07-05T15:48:25","guid":{"rendered":"https:\/\/columbus.test-sites.fr\/?page_id=13500"},"modified":"2023-08-10T10:37:13","modified_gmt":"2023-08-10T08:37:13","slug":"chambre-hotel","status":"publish","type":"page","link":"https:\/\/columbushotels.com\/fr\/chambre-hotel\/","title":{"rendered":"Chambres &#038; suites"},"content":{"rendered":"<div id=\"pl-13500\"  class=\"panel-layout\" ><div id=\"pg-13500-0\"  class=\"panel-grid panel-no-style\" ><div id=\"pgc-13500-0-0\"  class=\"panel-grid-cell\" ><!-- not cached-nc_news-widget --><div id=\"panel-13500-0-0-0\" class=\"so-panel widget widget_netconcept_news net-concept-news panel-first-child panel-last-child bloc_chambres taille_grille_page\" data-index=\"0\" ><div class=\"list_items no_slide\"><div class=\"item \"><div class=\"bloc_chambre\" itemscope itemtype=\"https:\/\/schema.org\/HotelRoom\">\n<a href=\"https:\/\/columbushotels.com\/fr\/chambres\/chambre-superieure-2\/\" title=\"lien chambre\">\n<div class=\"image\" style=\"background-image:url(&#039;https:\/\/columbushotels.com\/wp-content\/uploads\/superior-room-1024x492.jpg&#039;);background-repeat:no-repeat;background-size:cover;\">\n<\/div>\n\n<div class=\"titre\" itemprop=\"name\">\nChambre Sup\u00e9rieure\n<\/div>\n\n<div class=\"bloc_texte\" itemprop=\"description\">\n<div class=\"ligne description\">\n<p>En toute simplicit\u00e9<\/p>\n<\/div>\n<div class=\"ligne lien\">\n<p>Face \u00e0 la Roseraie<\/p>\n<\/div>\n<div class=\"ligne reference\">\n<p>25 m\u00b2 - 1 \u00e0 2 personnes<\/p>\n<\/div>\n<\/div>\n<\/a>\n<\/div><\/div><div class=\"item \"><div class=\"bloc_chambre\" itemscope itemtype=\"https:\/\/schema.org\/HotelRoom\">\n<a href=\"https:\/\/columbushotels.com\/fr\/chambres\/deluxe\/\" title=\"lien chambre\">\n<div class=\"image\" style=\"background-image:url(&#039;https:\/\/columbushotels.com\/wp-content\/uploads\/img_chambre.jpg&#039;);background-repeat:no-repeat;background-size:cover;\">\n<\/div>\n\n<div class=\"titre\" itemprop=\"name\">\nChambre Deluxe\n<\/div>\n\n<div class=\"bloc_texte\" itemprop=\"description\">\n<div class=\"ligne description\">\n<p><span lang=\"FR\">Terrasse sur Roseraie <\/span><\/p>\n<\/div>\n<div class=\"ligne lien\">\n<p>Vue partielle mer<\/p>\n<\/div>\n<div class=\"ligne reference\">\n<p>31 m\u00b2 - 1 \u00e0 3 personnes<\/p>\n<\/div>\n<\/div>\n<\/a>\n<\/div><\/div><div class=\"item \"><div class=\"bloc_chambre\" itemscope itemtype=\"https:\/\/schema.org\/HotelRoom\">\n<a href=\"https:\/\/columbushotels.com\/fr\/chambres\/chambre-riviera\/\" title=\"lien chambre\">\n<div class=\"image\" style=\"background-image:url(&#039;https:\/\/columbushotels.com\/wp-content\/uploads\/riviera-room-1024x492.jpg&#039;);background-repeat:no-repeat;background-size:cover;\">\n<\/div>\n\n<div class=\"titre\" itemprop=\"name\">\nChambre Riviera\n<\/div>\n\n<div class=\"bloc_texte\" itemprop=\"description\">\n<div class=\"ligne description\">\n<p><span lang=\"FR\">La vue avant tout <\/span><\/p>\n<\/div>\n<div class=\"ligne lien\">\n<p>Vue piscine et mer<\/p>\n<\/div>\n<div class=\"ligne reference\">\n<p>23 m\u00b2 - 1 \u00e0 2 personnes<\/p>\n<\/div>\n<\/div>\n<\/a>\n<\/div><\/div><div class=\"item \"><div class=\"bloc_chambre\" itemscope itemtype=\"https:\/\/schema.org\/HotelRoom\">\n<a href=\"https:\/\/columbushotels.com\/fr\/chambres\/riviera-deluxe\/\" title=\"lien chambre\">\n<div class=\"image\" style=\"background-image:url(&#039;https:\/\/columbushotels.com\/wp-content\/uploads\/riviera-deluxe-1024x492.jpg&#039;);background-repeat:no-repeat;background-size:cover;\">\n<\/div>\n\n<div class=\"titre\" itemprop=\"name\">\nChambre Riviera Deluxe\n<\/div>\n\n<div class=\"bloc_texte\" itemprop=\"description\">\n<div class=\"ligne description\">\n<p><span lang=\"FR\">Vue grand large<\/span><\/p>\n<\/div>\n<div class=\"ligne lien\">\n<p>Vue mer<\/p>\n<\/div>\n<div class=\"ligne reference\">\n<p>25 m\u00b2 - 1 \u00e0 2 personnes<\/p>\n<\/div>\n<\/div>\n<\/a>\n<\/div><\/div><div class=\"item \"><div class=\"bloc_chambre\" itemscope itemtype=\"https:\/\/schema.org\/HotelRoom\">\n<a href=\"https:\/\/columbushotels.com\/fr\/chambres\/suite-lifestyle\/\" title=\"lien chambre\">\n<div class=\"image\" style=\"background-image:url(&#039;https:\/\/columbushotels.com\/wp-content\/uploads\/executive-suite-1024x492.jpg&#039;);background-repeat:no-repeat;background-size:cover;\">\n<\/div>\n\n<div class=\"titre\" itemprop=\"name\">\nSUITE LIFESTYLE\n<\/div>\n\n<div class=\"bloc_texte\" itemprop=\"description\">\n<div class=\"ligne description\">\n<p><span lang=\"FR\">Business et Style <\/span><\/p>\n<\/div>\n<div class=\"ligne lien\">\n<p>Vue mer<\/p>\n<\/div>\n<div class=\"ligne reference\">\n<p>32 m\u00b2 - 1 \u00e0 2 personnes<\/p>\n<\/div>\n<\/div>\n<\/a>\n<\/div><\/div><div class=\"item \"><div class=\"bloc_chambre\" itemscope itemtype=\"https:\/\/schema.org\/HotelRoom\">\n<a href=\"https:\/\/columbushotels.com\/fr\/chambres\/riviera-suite\/\" title=\"lien chambre\">\n<div class=\"image\" style=\"background-image:url(&#039;https:\/\/columbushotels.com\/wp-content\/uploads\/Riviera-Suite-1024x683.jpg&#039;);background-repeat:no-repeat;background-size:cover;\">\n<\/div>\n\n<div class=\"titre\" itemprop=\"name\">\nSuite Riviera\n<\/div>\n\n<div class=\"bloc_texte\" itemprop=\"description\">\n<div class=\"ligne description\">\n<p><span lang=\"FR\">La suite parentale<\/span><\/p>\n<\/div>\n<div class=\"ligne lien\">\n<p>Vue mer<\/p>\n<\/div>\n<div class=\"ligne reference\">\n<p>45 m\u00b2 -\u00a01 \u00e0 3 personnes<\/p>\n<\/div>\n<\/div>\n<\/a>\n<\/div><\/div><div class=\"item \"><div class=\"bloc_chambre\" itemscope itemtype=\"https:\/\/schema.org\/HotelRoom\">\n<a href=\"https:\/\/columbushotels.com\/fr\/chambres\/top-floor-suite\/\" title=\"lien chambre\">\n<div class=\"image\" style=\"background-image:url(&#039;https:\/\/columbushotels.com\/wp-content\/uploads\/top-floor-suite-1024x492.jpg&#039;);background-repeat:no-repeat;background-size:cover;\">\n<\/div>\n\n<div class=\"titre\" itemprop=\"name\">\nTop Floor Suite\n<\/div>\n\n<div class=\"bloc_texte\" itemprop=\"description\">\n<div class=\"ligne description\">\n<p>VOUS \u00caTES AU TOP<\/p>\n<\/div>\n<div class=\"ligne lien\">\n<p>Vue mer, piscine ou vue de la ville<\/p>\n<\/div>\n<div class=\"ligne reference\">\n<p>45 m\u00b2 -\u00a01 \u00e0 2 personnes<\/p>\n<\/div>\n<\/div>\n<\/a>\n<\/div><\/div><div class=\"item \"><div class=\"bloc_chambre\" itemscope itemtype=\"https:\/\/schema.org\/HotelRoom\">\n<a href=\"https:\/\/columbushotels.com\/fr\/chambres\/rose-garden-suite\/\" title=\"lien chambre\">\n<div class=\"image\" style=\"background-image:url(&#039;https:\/\/columbushotels.com\/wp-content\/uploads\/rose-garden-bedroom-1024x492.jpg&#039;);background-repeat:no-repeat;background-size:cover;\">\n<\/div>\n\n<div class=\"titre\" itemprop=\"name\">\nRose Garden Suites\n<\/div>\n\n<div class=\"bloc_texte\" itemprop=\"description\">\n<div class=\"ligne description\">\n<p><span lang=\"FR\">La famille avant tout <\/span><\/p>\n<\/div>\n<div class=\"ligne lien\">\n<p>Vue Roseraie et vue mer<\/p>\n<\/div>\n<div class=\"ligne reference\">\n<p>55 m\u00b2 - 1 \u00e0 4 personnes<\/p>\n<\/div>\n<\/div>\n<\/a>\n<\/div><\/div><div class=\"item \"><div class=\"bloc_chambre\" itemscope itemtype=\"https:\/\/schema.org\/HotelRoom\">\n<a href=\"https:\/\/columbushotels.com\/fr\/chambres\/columbus-suite\/\" title=\"lien chambre\">\n<div class=\"image\" style=\"background-image:url(&#039;https:\/\/columbushotels.com\/wp-content\/uploads\/appartement-bedroom-1-1024x492.jpg&#039;);background-repeat:no-repeat;background-size:cover;\">\n<\/div>\n\n<div class=\"titre\" itemprop=\"name\">\nColumbus Suite\n<\/div>\n\n<div class=\"bloc_texte\" itemprop=\"description\">\n<div class=\"ligne description\">\n<p>Living Riviera Style<\/p>\n<\/div>\n<div class=\"ligne lien\">\n<p>Vue Roseraie<\/p>\n<\/div>\n<div class=\"ligne reference\">\n<p>71 m\u00b2 - 1 \u00e0 6 personnes<\/p>\n<\/div>\n<\/div>\n<\/a>\n<\/div><\/div><\/div><\/div><!-- \/not cached-nc_news-widget --><\/div><\/div><\/div>","protected":false},"excerpt":{"rendered":"<p>Chambre Sup\u00e9rieure En toute simplicit\u00e9 Face \u00e0 la Roseraie 25 m\u00b2 &#8211; 1 \u00e0 2 personnes Chambre Deluxe Terrasse sur Roseraie Vue partielle mer 31 m\u00b2 &#8211; 1 \u00e0 [&hellip;]<\/p>\n","protected":false},"author":4,"featured_media":0,"parent":0,"menu_order":119,"comment_status":"closed","ping_status":"closed","template":"page-chambre.php","meta":{"footnotes":""},"class_list":["post-13500","page","type-page","status-publish","hentry"],"yoast_head":"<!-- This site is optimized with the Yoast SEO plugin v27.3 - https:\/\/yoast.com\/product\/yoast-seo-wordpress\/ -->\n<title>R\u00e9servez votre chambre \u00e0 l\u2019H\u00f4tel Columbus Monte-Carlo<\/title>\n<meta name=\"description\" content=\"Profitez d\u2019une chambre d\u2019h\u00f4tel offrant une magnifique vue mer ou une vue sur le Rocher de Monaco. Nos chambres modernes offrent tout le charme et le raffinement d\u2019un h\u00f4tel de luxe.\" \/>\n<meta name=\"robots\" content=\"index, follow, max-snippet:-1, max-image-preview:large, max-video-preview:-1\" \/>\n<link rel=\"canonical\" href=\"https:\/\/columbushotels.com\/fr\/chambre-hotel\/\" \/>\n<meta property=\"og:locale\" content=\"fr_FR\" \/>\n<meta property=\"og:type\" content=\"article\" \/>\n<meta property=\"og:title\" content=\"R\u00e9servez votre chambre \u00e0 l\u2019H\u00f4tel Columbus Monte-Carlo\" \/>\n<meta property=\"og:description\" content=\"Profitez d\u2019une chambre d\u2019h\u00f4tel offrant une magnifique vue mer ou une vue sur le Rocher de Monaco. Nos chambres modernes offrent tout le charme et le raffinement d\u2019un h\u00f4tel de luxe.\" \/>\n<meta property=\"og:url\" content=\"https:\/\/columbushotels.com\/fr\/chambre-hotel\/\" \/>\n<meta property=\"og:site_name\" content=\"Columbus Monte-Carlo\" \/>\n<meta property=\"article:publisher\" content=\"https:\/\/www.facebook.com\/ColumbusMonteCarlo\" \/>\n<meta property=\"article:modified_time\" content=\"2023-08-10T08:37:13+00:00\" \/>\n<meta name=\"twitter:label1\" content=\"Dur\u00e9e de lecture estim\u00e9e\" \/>\n\t<meta name=\"twitter:data1\" content=\"1 minute\" \/>\n<!-- \/ Yoast SEO plugin. -->","yoast_head_json":{"title":"R\u00e9servez votre chambre \u00e0 l\u2019H\u00f4tel Columbus Monte-Carlo","description":"Profitez d\u2019une chambre d\u2019h\u00f4tel offrant une magnifique vue mer ou une vue sur le Rocher de Monaco. Nos chambres modernes offrent tout le charme et le raffinement d\u2019un h\u00f4tel de luxe.","robots":{"index":"index","follow":"follow","max-snippet":"max-snippet:-1","max-image-preview":"max-image-preview:large","max-video-preview":"max-video-preview:-1"},"canonical":"https:\/\/columbushotels.com\/fr\/chambre-hotel\/","og_locale":"fr_FR","og_type":"article","og_title":"R\u00e9servez votre chambre \u00e0 l\u2019H\u00f4tel Columbus Monte-Carlo","og_description":"Profitez d\u2019une chambre d\u2019h\u00f4tel offrant une magnifique vue mer ou une vue sur le Rocher de Monaco. Nos chambres modernes offrent tout le charme et le raffinement d\u2019un h\u00f4tel de luxe.","og_url":"https:\/\/columbushotels.com\/fr\/chambre-hotel\/","og_site_name":"Columbus Monte-Carlo","article_publisher":"https:\/\/www.facebook.com\/ColumbusMonteCarlo","article_modified_time":"2023-08-10T08:37:13+00:00","twitter_misc":{"Dur\u00e9e de lecture estim\u00e9e":"1 minute"},"schema":{"@context":"https:\/\/schema.org","@graph":[{"@type":"WebPage","@id":"https:\/\/columbushotels.com\/fr\/chambre-hotel\/","url":"https:\/\/columbushotels.com\/fr\/chambre-hotel\/","name":"R\u00e9servez votre chambre \u00e0 l\u2019H\u00f4tel Columbus Monte-Carlo","isPartOf":{"@id":"https:\/\/columbushotels.com\/fr\/#website"},"datePublished":"2018-07-05T15:48:25+00:00","dateModified":"2023-08-10T08:37:13+00:00","description":"Profitez d\u2019une chambre d\u2019h\u00f4tel offrant une magnifique vue mer ou une vue sur le Rocher de Monaco. Nos chambres modernes offrent tout le charme et le raffinement d\u2019un h\u00f4tel de luxe.","breadcrumb":{"@id":"https:\/\/columbushotels.com\/fr\/chambre-hotel\/#breadcrumb"},"inLanguage":"fr-FR","potentialAction":[{"@type":"ReadAction","target":["https:\/\/columbushotels.com\/fr\/chambre-hotel\/"]}]},{"@type":"BreadcrumbList","@id":"https:\/\/columbushotels.com\/fr\/chambre-hotel\/#breadcrumb","itemListElement":[{"@type":"ListItem","position":1,"name":"Accueil","item":"https:\/\/columbushotels.com\/fr\/"},{"@type":"ListItem","position":2,"name":"Chambres &#038; suites"}]},{"@type":"WebSite","@id":"https:\/\/columbushotels.com\/fr\/#website","url":"https:\/\/columbushotels.com\/fr\/","name":"Columbus Monte-Carlo","description":"","publisher":{"@id":"https:\/\/columbushotels.com\/fr\/#organization"},"potentialAction":[{"@type":"SearchAction","target":{"@type":"EntryPoint","urlTemplate":"https:\/\/columbushotels.com\/fr\/?s={search_term_string}"},"query-input":{"@type":"PropertyValueSpecification","valueRequired":true,"valueName":"search_term_string"}}],"inLanguage":"fr-FR"},{"@type":"Organization","@id":"https:\/\/columbushotels.com\/fr\/#organization","name":"Columbus Monte-Carlo","url":"https:\/\/columbushotels.com\/fr\/","logo":{"@type":"ImageObject","inLanguage":"fr-FR","@id":"https:\/\/columbushotels.com\/fr\/#\/schema\/logo\/image\/","url":"https:\/\/www.columbushotels.com\/wp-content\/uploads\/icon-tablette.png","contentUrl":"https:\/\/www.columbushotels.com\/wp-content\/uploads\/icon-tablette.png","width":144,"height":144,"caption":"Columbus Monte-Carlo"},"image":{"@id":"https:\/\/columbushotels.com\/fr\/#\/schema\/logo\/image\/"},"sameAs":["https:\/\/www.facebook.com\/ColumbusMonteCarlo","https:\/\/x.com\/ColumbusMC","https:\/\/www.instagram.com\/columbusmchotel","https:\/\/www.linkedin.com\/company\/1316137"]}]}},"_links":{"self":[{"href":"https:\/\/columbushotels.com\/fr\/wp-json\/wp\/v2\/pages\/13500","targetHints":{"allow":["GET"]}}],"collection":[{"href":"https:\/\/columbushotels.com\/fr\/wp-json\/wp\/v2\/pages"}],"about":[{"href":"https:\/\/columbushotels.com\/fr\/wp-json\/wp\/v2\/types\/page"}],"author":[{"embeddable":true,"href":"https:\/\/columbushotels.com\/fr\/wp-json\/wp\/v2\/users\/4"}],"replies":[{"embeddable":true,"href":"https:\/\/columbushotels.com\/fr\/wp-json\/wp\/v2\/comments?post=13500"}],"version-history":[{"count":6,"href":"https:\/\/columbushotels.com\/fr\/wp-json\/wp\/v2\/pages\/13500\/revisions"}],"predecessor-version":[{"id":38033,"href":"https:\/\/columbushotels.com\/fr\/wp-json\/wp\/v2\/pages\/13500\/revisions\/38033"}],"wp:attachment":[{"href":"https:\/\/columbushotels.com\/fr\/wp-json\/wp\/v2\/media?parent=13500"}],"curies":[{"name":"wp","href":"https:\/\/api.w.org\/{rel}","templated":true}]}}