{"id":39265,"date":"2024-04-19T17:13:41","date_gmt":"2024-04-19T15:13:41","guid":{"rendered":"https:\/\/columbushotels.com\/?page_id=39265"},"modified":"2024-04-27T12:52:54","modified_gmt":"2024-04-27T10:52:54","slug":"go-hilton","status":"publish","type":"page","link":"https:\/\/columbushotels.com\/de\/go-hilton\/","title":{"rendered":"Go Hilton Vorteile"},"content":{"rendered":"<div id=\"pl-39265\"  class=\"panel-layout\" ><div id=\"pg-39265-0\"  class=\"panel-grid panel-has-style\" ><div class=\"taille_grille_page panel-row-style panel-row-style-for-39265-0\" ><div id=\"pgc-39265-0-0\"  class=\"panel-grid-cell\" ><div id=\"panel-39265-0-0-0\" class=\"so-panel widget widget_sow-editor panel-first-child panel-last-child\" data-index=\"0\" ><div\n\t\t\t\n\t\t\tclass=\"so-widget-sow-editor so-widget-sow-editor-base\"\n\t\t\t\n\t\t>\n<div class=\"siteorigin-widget-tinymce textwidget\">\n\t<h1 style=\"text-align: center;\">Voteile f\u00fcr Go Hilton Mitglieder <\/h1>\n<\/div>\n<\/div><\/div><\/div><\/div><\/div><div id=\"pg-39265-1\"  class=\"panel-grid panel-has-style\" ><div class=\"taille_grille_page panel-row-style panel-row-style-for-39265-1\" ><div id=\"pgc-39265-1-0\"  class=\"panel-grid-cell\" ><div id=\"panel-39265-1-0-0\" class=\"so-panel widget widget_sow-editor panel-first-child panel-last-child\" data-index=\"1\" ><div\n\t\t\t\n\t\t\tclass=\"so-widget-sow-editor so-widget-sow-editor-base\"\n\t\t\t\n\t\t>\n<div class=\"siteorigin-widget-tinymce textwidget\">\n\t<p style=\"text-align: center;\">Willkommen beim Go Hilton-Programm f\u00fcr Hilton-Mitarbeiter! Genie\u00dfen Sie Ihren Aufenthalt mit einer Vielzahl exklusiver Vorteile, die ausschlie\u00dflich f\u00fcr Sie verf\u00fcgbar sind:<\/p>\n<p>&nbsp;<\/p>\n<ul>\n<li style=\"text-align: left;\">Kostenloses Fr\u00fchst\u00fcck: Starten Sie Ihren Tag richtig mit einem k\u00f6stlichen kostenlosen Fr\u00fchst\u00fccksbuffet, das in unserem Restaurant Tavolo serviert wird. Genie\u00dfen Sie eine vielf\u00e4ltige Auswahl an leckeren Gerichten, um Ihren Tag in Schwung zu bringen.<\/li>\n<li style=\"text-align: left;\"><\/li>\n<li style=\"text-align: left;\">-50% im Restaurant Tavolo: Erleben Sie unser mediterranes Restaurant <a href=\"https:\/\/www.columbushotels.com\/de\/restaurant-monaco\/\">TAVOLO<\/a> und profitieren Sie von einem exklusiven 50% Rabatt auf Speisen. Getr\u00e4nke ausgenommen.<\/li>\n<li style=\"text-align: left;\"><\/li>\n<li style=\"text-align: left;\">-50% auf Speisen in der Bar: Entspannen Sie sich und genie\u00dfen Sie Geselligkeit an der Bar mit einem 50% Rabatt auf unsere Barkarte. Getr\u00e4nke ausgenommen.<\/li>\n<li style=\"text-align: left;\"><\/li>\n<\/ul>\n<p style=\"text-align: center;\"><strong>Bitte pr\u00e4sentieren Sie Ihre Go Hilton-Karte an der Rezeption des Restaurants oder der Bar. Bitte beachten Sie, dass die Rabatte nicht f\u00fcr Zimmerservice oder die Minibar g\u00fcltig sind.<\/strong><\/p>\n<\/div>\n<\/div><\/div><\/div><\/div><\/div><\/div>","protected":false},"excerpt":{"rendered":"<p>Voteile f\u00fcr Go Hilton Mitglieder Willkommen beim Go Hilton-Programm f\u00fcr Hilton-Mitarbeiter! Genie\u00dfen Sie Ihren Aufenthalt mit einer Vielzahl exklusiver Vorteile, die ausschlie\u00dflich f\u00fcr Sie verf\u00fcgbar sind: &nbsp; Kostenloses Fr\u00fchst\u00fcck: [&hellip;]<\/p>\n","protected":false},"author":8,"featured_media":0,"parent":0,"menu_order":96,"comment_status":"closed","ping_status":"closed","template":"page-contact.php","meta":{"footnotes":""},"class_list":["post-39265","page","type-page","status-publish","hentry"],"yoast_head":"<!-- This site is optimized with the Yoast SEO plugin v27.5 - https:\/\/yoast.com\/product\/yoast-seo-wordpress\/ -->\n<title>Go Hilton Vorteile - Columbus Monte-Carlo<\/title>\n<meta name=\"description\" content=\"Kostenloses Fr\u00fchst\u00fcck und 50% Rabatt in unseren Restaurantbetrieben: Exklusive Go Hilton-Vorteile im Columbus Hotel Monte-Carlo, dem Lifestyle-Hotel von Monaco.\" \/>\n<meta name=\"robots\" content=\"index, follow, max-snippet:-1, max-image-preview:large, max-video-preview:-1\" \/>\n<link rel=\"canonical\" href=\"https:\/\/www.columbushotels.com\/de\/go-hilton\/\" \/>\n<meta property=\"og:locale\" content=\"de_DE\" \/>\n<meta property=\"og:type\" content=\"article\" \/>\n<meta property=\"og:title\" content=\"Go Hilton Vorteile - Columbus Monte-Carlo\" \/>\n<meta property=\"og:description\" content=\"Kostenloses Fr\u00fchst\u00fcck und 50% Rabatt in unseren Restaurantbetrieben: Exklusive Go Hilton-Vorteile im Columbus Hotel Monte-Carlo, dem Lifestyle-Hotel von Monaco.\" \/>\n<meta property=\"og:url\" content=\"https:\/\/www.columbushotels.com\/de\/go-hilton\/\" \/>\n<meta property=\"og:site_name\" content=\"Columbus Monte-Carlo\" \/>\n<meta property=\"article:publisher\" content=\"https:\/\/www.facebook.com\/ColumbusMonteCarlo\" \/>\n<meta property=\"article:modified_time\" content=\"2024-04-27T10:52:54+00:00\" \/>\n<meta name=\"twitter:label1\" content=\"Gesch\u00e4tzte Lesezeit\" \/>\n\t<meta name=\"twitter:data1\" content=\"1\u00a0Minute\" \/>\n<!-- \/ Yoast SEO plugin. -->","yoast_head_json":{"title":"Go Hilton Vorteile - Columbus Monte-Carlo","description":"Kostenloses Fr\u00fchst\u00fcck und 50% Rabatt in unseren Restaurantbetrieben: Exklusive Go Hilton-Vorteile im Columbus Hotel Monte-Carlo, dem Lifestyle-Hotel von Monaco.","robots":{"index":"index","follow":"follow","max-snippet":"max-snippet:-1","max-image-preview":"max-image-preview:large","max-video-preview":"max-video-preview:-1"},"canonical":"https:\/\/www.columbushotels.com\/de\/go-hilton\/","og_locale":"de_DE","og_type":"article","og_title":"Go Hilton Vorteile - Columbus Monte-Carlo","og_description":"Kostenloses Fr\u00fchst\u00fcck und 50% Rabatt in unseren Restaurantbetrieben: Exklusive Go Hilton-Vorteile im Columbus Hotel Monte-Carlo, dem Lifestyle-Hotel von Monaco.","og_url":"https:\/\/www.columbushotels.com\/de\/go-hilton\/","og_site_name":"Columbus Monte-Carlo","article_publisher":"https:\/\/www.facebook.com\/ColumbusMonteCarlo","article_modified_time":"2024-04-27T10:52:54+00:00","twitter_misc":{"Gesch\u00e4tzte Lesezeit":"1\u00a0Minute"},"schema":{"@context":"https:\/\/schema.org","@graph":[{"@type":"WebPage","@id":"https:\/\/www.columbushotels.com\/de\/go-hilton\/","url":"https:\/\/www.columbushotels.com\/de\/go-hilton\/","name":"Go Hilton Vorteile - Columbus Monte-Carlo","isPartOf":{"@id":"https:\/\/columbushotels.com\/#website"},"datePublished":"2024-04-19T15:13:41+00:00","dateModified":"2024-04-27T10:52:54+00:00","description":"Kostenloses Fr\u00fchst\u00fcck und 50% Rabatt in unseren Restaurantbetrieben: Exklusive Go Hilton-Vorteile im Columbus Hotel Monte-Carlo, dem Lifestyle-Hotel von Monaco.","breadcrumb":{"@id":"https:\/\/www.columbushotels.com\/de\/go-hilton\/#breadcrumb"},"inLanguage":"de","potentialAction":[{"@type":"ReadAction","target":["https:\/\/www.columbushotels.com\/de\/go-hilton\/"]}]},{"@type":"BreadcrumbList","@id":"https:\/\/www.columbushotels.com\/de\/go-hilton\/#breadcrumb","itemListElement":[{"@type":"ListItem","position":1,"name":"Accueil","item":"https:\/\/columbushotels.com\/"},{"@type":"ListItem","position":2,"name":"Go Hilton Vorteile"}]},{"@type":"WebSite","@id":"https:\/\/columbushotels.com\/#website","url":"https:\/\/columbushotels.com\/","name":"Columbus Monte-Carlo","description":"","publisher":{"@id":"https:\/\/columbushotels.com\/#organization"},"potentialAction":[{"@type":"SearchAction","target":{"@type":"EntryPoint","urlTemplate":"https:\/\/columbushotels.com\/?s={search_term_string}"},"query-input":{"@type":"PropertyValueSpecification","valueRequired":true,"valueName":"search_term_string"}}],"inLanguage":"de"},{"@type":"Organization","@id":"https:\/\/columbushotels.com\/#organization","name":"Columbus Monte-Carlo","url":"https:\/\/columbushotels.com\/","logo":{"@type":"ImageObject","inLanguage":"de","@id":"https:\/\/columbushotels.com\/#\/schema\/logo\/image\/","url":"https:\/\/www.columbushotels.com\/wp-content\/uploads\/icon-tablette.png","contentUrl":"https:\/\/www.columbushotels.com\/wp-content\/uploads\/icon-tablette.png","width":144,"height":144,"caption":"Columbus Monte-Carlo"},"image":{"@id":"https:\/\/columbushotels.com\/#\/schema\/logo\/image\/"},"sameAs":["https:\/\/www.facebook.com\/ColumbusMonteCarlo","https:\/\/x.com\/ColumbusMC","https:\/\/www.instagram.com\/columbusmchotel","https:\/\/www.linkedin.com\/company\/1316137"]}]}},"_links":{"self":[{"href":"https:\/\/columbushotels.com\/de\/wp-json\/wp\/v2\/pages\/39265","targetHints":{"allow":["GET"]}}],"collection":[{"href":"https:\/\/columbushotels.com\/de\/wp-json\/wp\/v2\/pages"}],"about":[{"href":"https:\/\/columbushotels.com\/de\/wp-json\/wp\/v2\/types\/page"}],"author":[{"embeddable":true,"href":"https:\/\/columbushotels.com\/de\/wp-json\/wp\/v2\/users\/8"}],"replies":[{"embeddable":true,"href":"https:\/\/columbushotels.com\/de\/wp-json\/wp\/v2\/comments?post=39265"}],"version-history":[{"count":3,"href":"https:\/\/columbushotels.com\/de\/wp-json\/wp\/v2\/pages\/39265\/revisions"}],"predecessor-version":[{"id":39488,"href":"https:\/\/columbushotels.com\/de\/wp-json\/wp\/v2\/pages\/39265\/revisions\/39488"}],"wp:attachment":[{"href":"https:\/\/columbushotels.com\/de\/wp-json\/wp\/v2\/media?parent=39265"}],"curies":[{"name":"wp","href":"https:\/\/api.w.org\/{rel}","templated":true}]}}