{"id":15732,"date":"2018-07-17T16:30:36","date_gmt":"2018-07-17T14:30:36","guid":{"rendered":"http:\/\/columbushotels.com\/contact\/"},"modified":"2024-02-15T16:13:37","modified_gmt":"2024-02-15T14:13:37","slug":"kontakt","status":"publish","type":"page","link":"https:\/\/columbushotels.com\/de\/kontakt\/","title":{"rendered":"Kontakt"},"content":{"rendered":"<div id=\"pl-15732\"  class=\"panel-layout\" ><div id=\"pg-15732-0\"  class=\"panel-grid panel-has-style\" ><div class=\"taille_grille_page panel-row-style panel-row-style-for-15732-0\" ><div id=\"pgc-15732-0-0\"  class=\"panel-grid-cell\" ><div id=\"panel-15732-0-0-0\" class=\"so-panel widget widget_sow-editor panel-first-child panel-last-child\" data-index=\"0\" ><div\n\t\t\t\n\t\t\tclass=\"so-widget-sow-editor so-widget-sow-editor-base\"\n\t\t\t\n\t\t>\n<div class=\"siteorigin-widget-tinymce textwidget\">\n\t<h1 style=\"text-align: center;\">kontakt<\/h1>\n<\/div>\n<\/div><\/div><\/div><\/div><\/div><div id=\"pg-15732-1\"  class=\"panel-grid panel-has-style\" ><div class=\"taille_grille_page panel-row-style panel-row-style-for-15732-1\" ><div id=\"pgc-15732-1-0\"  class=\"panel-grid-cell\" ><div id=\"panel-15732-1-0-0\" class=\"so-panel widget widget_sow-editor panel-first-child panel-last-child\" data-index=\"1\" ><div\n\t\t\t\n\t\t\tclass=\"so-widget-sow-editor so-widget-sow-editor-base\"\n\t\t\t\n\t\t>\n<div class=\"siteorigin-widget-tinymce textwidget\">\n\t<div class=\"h1-like\">Schreiben Sie uns, folgen Sie uns oder schauen Sie vorbei wenn Sie das n\u00e4chste Mal in der Gegend sind. Wir h\u00f6ren gerne von unseren G\u00e4sten!<\/div>\n<\/div>\n<\/div><\/div><\/div><\/div><\/div><div id=\"pg-15732-2\"  class=\"panel-grid panel-has-style\" ><div class=\"taille_grille_page panel-row-style panel-row-style-for-15732-2\" ><div id=\"pgc-15732-2-0\"  class=\"panel-grid-cell\" ><div id=\"panel-15732-2-0-0\" class=\"so-panel widget widget_sow-editor panel-first-child\" data-index=\"2\" ><div\n\t\t\t\n\t\t\tclass=\"so-widget-sow-editor so-widget-sow-editor-base\"\n\t\t\t\n\t\t>\n<div class=\"siteorigin-widget-tinymce textwidget\">\n\t<h2>Kontakt<\/h2>\n<\/div>\n<\/div><\/div><div id=\"panel-15732-2-0-1\" class=\"so-panel widget widget_siteorigin-panels-builder panel-last-child\" data-index=\"3\" ><div id=\"pl-w5c62cd78a8c89\"  class=\"panel-layout\" ><div id=\"pg-w5c62cd78a8c89-0\"  class=\"panel-grid panel-no-style\" ><div id=\"pgc-w5c62cd78a8c89-0-0\"  class=\"panel-grid-cell\" ><div id=\"panel-w5c62cd78a8c89-0-0-0\" class=\"so-panel widget widget_sow-editor panel-first-child panel-last-child\" data-index=\"0\" ><div\n\t\t\t\n\t\t\tclass=\"so-widget-sow-editor so-widget-sow-editor-base\"\n\t\t\t\n\t\t>\n<div class=\"siteorigin-widget-tinymce textwidget\">\n\t<p><span style=\"color: #c28111;\">EMAIL<\/span><br \/>\nINFO[@]COLUMBUS.MC<\/p>\n<\/div>\n<\/div><\/div><\/div><div id=\"pgc-w5c62cd78a8c89-0-1\"  class=\"panel-grid-cell\" ><div id=\"panel-w5c62cd78a8c89-0-1-0\" class=\"so-panel widget widget_sow-editor panel-first-child panel-last-child\" data-index=\"1\" ><div\n\t\t\t\n\t\t\tclass=\"so-widget-sow-editor so-widget-sow-editor-base\"\n\t\t\t\n\t\t>\n<div class=\"siteorigin-widget-tinymce textwidget\">\n\t<p><span style=\"color: #c28111;\">TELEFON<\/span><br \/>\n+377 92 05 90 00<\/p>\n<\/div>\n<\/div><\/div><\/div><div id=\"pgc-w5c62cd78a8c89-0-2\"  class=\"panel-grid-cell\" ><div id=\"panel-w5c62cd78a8c89-0-2-0\" class=\"so-panel widget widget_sow-editor panel-first-child panel-last-child\" data-index=\"2\" ><div\n\t\t\t\n\t\t\tclass=\"so-widget-sow-editor so-widget-sow-editor-base\"\n\t\t\t\n\t\t>\n<div class=\"siteorigin-widget-tinymce textwidget\">\n\t<p><span style=\"color: #c28111;\">ADRESSE<\/span><br \/>\n23 AVENUE DES PAPALINS, MC 98000 MONACO<\/p>\n<\/div>\n<\/div><\/div><\/div><div id=\"pgc-w5c62cd78a8c89-0-3\"  class=\"panel-grid-cell\" ><div id=\"panel-w5c62cd78a8c89-0-3-0\" class=\"so-panel widget widget_sow-editor panel-first-child panel-last-child\" data-index=\"3\" ><div class=\"reseaux panel-widget-style panel-widget-style-for-w5c62cd78a8c89-0-3-0\" ><div\n\t\t\t\n\t\t\tclass=\"so-widget-sow-editor so-widget-sow-editor-base\"\n\t\t\t\n\t\t>\n<div class=\"siteorigin-widget-tinymce textwidget\">\n\t<p><span style=\"color: #c28111;\">FOLGEN SIE UNS<br \/>\n<\/span><br \/>\n<a href=\"https:\/\/www.instagram.com\/columbusmchotel\/\"><i class=\"fa fa-instagram \" ><\/i><\/a>\u00a0 <a href=\"https:\/\/www.facebook.com\/ColumbusMonteCarlo\"><i class=\"fa fa-facebook \" ><\/i><\/a>\u00a0<a href=\"https:\/\/www.tripadvisor.fr\/Hotel_Review-g190409-d244581-Reviews-Columbus_Monte_Carlo-Monte_Carlo.html\">\u00a0<i class=\"fa fa-tripadvisor \" ><\/i><\/a>\u00a0\u00a0<a href=\"https:\/\/twitter.com\/ColumbusMC\"><i class=\"fa fa-twitter \" ><\/i><\/a>\u00a0 <a href=\"https:\/\/fr.linkedin.com\/company\/columbus-hotel-monte-carlo\"><i class=\"fa fa-linkedin \" ><\/i><\/a><\/p>\n<\/div>\n<\/div><\/div><\/div><\/div><\/div><\/div><\/div><\/div><\/div><\/div><div id=\"pg-15732-3\"  class=\"panel-grid panel-has-style\" ><div class=\"taille_grille_page panel-row-style panel-row-style-for-15732-3\" ><div id=\"pgc-15732-3-0\"  class=\"panel-grid-cell\" ><div id=\"panel-15732-3-0-0\" class=\"so-panel widget widget_sow-editor panel-first-child panel-last-child\" data-index=\"4\" ><div\n\t\t\t\n\t\t\tclass=\"so-widget-sow-editor so-widget-sow-editor-base\"\n\t\t\t\n\t\t>\n<div class=\"siteorigin-widget-tinymce textwidget\">\n\t\n<p>&nbsp;<\/p>\n<\/div>\n<\/div><\/div><\/div><\/div><\/div><\/div>","protected":false},"excerpt":{"rendered":"<p>kontakt Schreiben Sie uns, folgen Sie uns oder schauen Sie vorbei wenn Sie das n\u00e4chste Mal in der Gegend sind. Wir h\u00f6ren gerne von unseren G\u00e4sten!<\/p>\n","protected":false},"author":4,"featured_media":0,"parent":0,"menu_order":103,"comment_status":"closed","ping_status":"closed","template":"page-contact.php","meta":{"footnotes":""},"class_list":["post-15732","page","type-page","status-publish","hentry"],"yoast_head":"<!-- This site is optimized with the Yoast SEO plugin v27.3 - https:\/\/yoast.com\/product\/yoast-seo-wordpress\/ -->\n<title>Kontakt - Columbus Monte-Carlo<\/title>\n<meta name=\"robots\" content=\"index, follow, max-snippet:-1, max-image-preview:large, max-video-preview:-1\" \/>\n<link rel=\"canonical\" href=\"https:\/\/columbushotels.com\/de\/kontakt\/\" \/>\n<meta property=\"og:locale\" content=\"de_DE\" \/>\n<meta property=\"og:type\" content=\"article\" \/>\n<meta property=\"og:title\" content=\"Kontakt - Columbus Monte-Carlo\" \/>\n<meta property=\"og:description\" content=\"kontakt Schreiben Sie uns, folgen Sie uns oder schauen Sie vorbei wenn Sie das n\u00e4chste Mal in der Gegend sind. Wir h\u00f6ren gerne von unseren G\u00e4sten!\" \/>\n<meta property=\"og:url\" content=\"https:\/\/columbushotels.com\/de\/kontakt\/\" \/>\n<meta property=\"og:site_name\" content=\"Columbus Monte-Carlo\" \/>\n<meta property=\"article:publisher\" content=\"https:\/\/www.facebook.com\/ColumbusMonteCarlo\" \/>\n<meta property=\"article:modified_time\" content=\"2024-02-15T14:13:37+00:00\" \/>\n<meta name=\"twitter:label1\" content=\"Gesch\u00e4tzte Lesezeit\" \/>\n\t<meta name=\"twitter:data1\" content=\"1\u00a0Minute\" \/>\n<!-- \/ Yoast SEO plugin. -->","yoast_head_json":{"title":"Kontakt - Columbus Monte-Carlo","robots":{"index":"index","follow":"follow","max-snippet":"max-snippet:-1","max-image-preview":"max-image-preview:large","max-video-preview":"max-video-preview:-1"},"canonical":"https:\/\/columbushotels.com\/de\/kontakt\/","og_locale":"de_DE","og_type":"article","og_title":"Kontakt - Columbus Monte-Carlo","og_description":"kontakt Schreiben Sie uns, folgen Sie uns oder schauen Sie vorbei wenn Sie das n\u00e4chste Mal in der Gegend sind. Wir h\u00f6ren gerne von unseren G\u00e4sten!","og_url":"https:\/\/columbushotels.com\/de\/kontakt\/","og_site_name":"Columbus Monte-Carlo","article_publisher":"https:\/\/www.facebook.com\/ColumbusMonteCarlo","article_modified_time":"2024-02-15T14:13:37+00:00","twitter_misc":{"Gesch\u00e4tzte Lesezeit":"1\u00a0Minute"},"schema":{"@context":"https:\/\/schema.org","@graph":[{"@type":"WebPage","@id":"https:\/\/columbushotels.com\/de\/kontakt\/","url":"https:\/\/columbushotels.com\/de\/kontakt\/","name":"Kontakt - Columbus Monte-Carlo","isPartOf":{"@id":"https:\/\/www.columbushotels.com\/#website"},"datePublished":"2018-07-17T14:30:36+00:00","dateModified":"2024-02-15T14:13:37+00:00","breadcrumb":{"@id":"https:\/\/columbushotels.com\/de\/kontakt\/#breadcrumb"},"inLanguage":"de","potentialAction":[{"@type":"ReadAction","target":["https:\/\/columbushotels.com\/de\/kontakt\/"]}]},{"@type":"BreadcrumbList","@id":"https:\/\/columbushotels.com\/de\/kontakt\/#breadcrumb","itemListElement":[{"@type":"ListItem","position":1,"name":"Accueil","item":"https:\/\/www.columbushotels.com\/"},{"@type":"ListItem","position":2,"name":"Kontakt"}]},{"@type":"WebSite","@id":"https:\/\/www.columbushotels.com\/#website","url":"https:\/\/www.columbushotels.com\/","name":"Columbus Monte-Carlo","description":"","publisher":{"@id":"https:\/\/www.columbushotels.com\/#organization"},"potentialAction":[{"@type":"SearchAction","target":{"@type":"EntryPoint","urlTemplate":"https:\/\/www.columbushotels.com\/?s={search_term_string}"},"query-input":{"@type":"PropertyValueSpecification","valueRequired":true,"valueName":"search_term_string"}}],"inLanguage":"de"},{"@type":"Organization","@id":"https:\/\/www.columbushotels.com\/#organization","name":"Columbus Monte-Carlo","url":"https:\/\/www.columbushotels.com\/","logo":{"@type":"ImageObject","inLanguage":"de","@id":"https:\/\/www.columbushotels.com\/#\/schema\/logo\/image\/","url":"https:\/\/www.columbushotels.com\/wp-content\/uploads\/icon-tablette.png","contentUrl":"https:\/\/www.columbushotels.com\/wp-content\/uploads\/icon-tablette.png","width":144,"height":144,"caption":"Columbus Monte-Carlo"},"image":{"@id":"https:\/\/www.columbushotels.com\/#\/schema\/logo\/image\/"},"sameAs":["https:\/\/www.facebook.com\/ColumbusMonteCarlo","https:\/\/x.com\/ColumbusMC","https:\/\/www.instagram.com\/columbusmchotel","https:\/\/www.linkedin.com\/company\/1316137"]}]}},"_links":{"self":[{"href":"https:\/\/columbushotels.com\/de\/wp-json\/wp\/v2\/pages\/15732","targetHints":{"allow":["GET"]}}],"collection":[{"href":"https:\/\/columbushotels.com\/de\/wp-json\/wp\/v2\/pages"}],"about":[{"href":"https:\/\/columbushotels.com\/de\/wp-json\/wp\/v2\/types\/page"}],"author":[{"embeddable":true,"href":"https:\/\/columbushotels.com\/de\/wp-json\/wp\/v2\/users\/4"}],"replies":[{"embeddable":true,"href":"https:\/\/columbushotels.com\/de\/wp-json\/wp\/v2\/comments?post=15732"}],"version-history":[{"count":6,"href":"https:\/\/columbushotels.com\/de\/wp-json\/wp\/v2\/pages\/15732\/revisions"}],"predecessor-version":[{"id":39363,"href":"https:\/\/columbushotels.com\/de\/wp-json\/wp\/v2\/pages\/15732\/revisions\/39363"}],"wp:attachment":[{"href":"https:\/\/columbushotels.com\/de\/wp-json\/wp\/v2\/media?parent=15732"}],"curies":[{"name":"wp","href":"https:\/\/api.w.org\/{rel}","templated":true}]}}