{"id":15618,"date":"2018-10-12T11:42:17","date_gmt":"2018-10-12T09:42:17","guid":{"rendered":"http:\/\/columbushotels.com\/serviced-apartments-savills\/"},"modified":"2025-05-27T13:37:12","modified_gmt":"2025-05-27T11:37:12","slug":"apartments-mit-hotelservice","status":"publish","type":"page","link":"https:\/\/columbushotels.com\/de\/apartments-mit-hotelservice\/","title":{"rendered":"Apartments mit Hotelservice"},"content":{"rendered":"<div id=\"pl-15618\"  class=\"panel-layout\" ><div id=\"pg-15618-0\"  class=\"panel-grid panel-no-style\" ><div id=\"pgc-15618-0-0\"  class=\"panel-grid-cell panel-grid-cell-empty\" ><\/div><div id=\"pgc-15618-0-1\"  class=\"panel-grid-cell panel-grid-cell-mobile-last\" ><div id=\"panel-15618-0-1-0\" class=\"so-panel widget widget_sow-slider panel-first-child panel-last-child\" data-index=\"0\" ><div\n\t\t\t\n\t\t\tclass=\"so-widget-sow-slider so-widget-sow-slider-default-6d39609536fd-15618\"\n\t\t\t\n\t\t>\t\t\t\t<div class=\"sow-slider-base\" style=\"display: none\" tabindex=\"0\">\n\t\t\t\t\t<ul\n\t\t\t\t\tclass=\"sow-slider-images\"\n\t\t\t\t\tdata-settings=\"{&quot;pagination&quot;:true,&quot;speed&quot;:800,&quot;timeout&quot;:8000,&quot;paused&quot;:false,&quot;pause_on_hover&quot;:false,&quot;swipe&quot;:true,&quot;nav_always_show_desktop&quot;:&quot;&quot;,&quot;nav_always_show_mobile&quot;:&quot;&quot;,&quot;breakpoint&quot;:&quot;780px&quot;,&quot;unmute&quot;:false,&quot;anchor&quot;:null}\"\n\t\t\t\t\t\t\t\t\t\tdata-anchor-id=\"\"\n\t\t\t\t>\t\t<li class=\"sow-slider-image\" style=\"visibility: visible;\" >\n\t\t\t\t\t\t<img loading=\"lazy\" decoding=\"async\" width=\"1280\" height=\"854\" src=\"https:\/\/columbushotels.com\/wp-content\/uploads\/serviced-residences-columbus-monte-carlo-living-room.jpg\" class=\"sow-slider-background-image\" alt=\"serviced-residences-columbus-monte-carlo-living-room\" style=\"\" srcset=\"https:\/\/columbushotels.com\/wp-content\/uploads\/serviced-residences-columbus-monte-carlo-living-room.jpg 1280w, https:\/\/columbushotels.com\/wp-content\/uploads\/serviced-residences-columbus-monte-carlo-living-room-300x200.jpg 300w, https:\/\/columbushotels.com\/wp-content\/uploads\/serviced-residences-columbus-monte-carlo-living-room-1024x683.jpg 1024w, https:\/\/columbushotels.com\/wp-content\/uploads\/serviced-residences-columbus-monte-carlo-living-room-272x182.jpg 272w\" sizes=\"auto, (max-width: 1280px) 100vw, 1280px\" \/>\t\t<\/li>\n\t\t\t\t<li class=\"sow-slider-image\" style=\"visibility: hidden;\" >\n\t\t\t\t\t\t<img loading=\"lazy\" decoding=\"async\" width=\"1280\" height=\"854\" src=\"https:\/\/columbushotels.com\/wp-content\/uploads\/serviced-residences-columbus-monte-carlo-bedroom.jpg\" class=\"sow-slider-background-image\" alt=\"\" style=\"\" srcset=\"https:\/\/columbushotels.com\/wp-content\/uploads\/serviced-residences-columbus-monte-carlo-bedroom.jpg 1280w, https:\/\/columbushotels.com\/wp-content\/uploads\/serviced-residences-columbus-monte-carlo-bedroom-300x200.jpg 300w, https:\/\/columbushotels.com\/wp-content\/uploads\/serviced-residences-columbus-monte-carlo-bedroom-1024x683.jpg 1024w, https:\/\/columbushotels.com\/wp-content\/uploads\/serviced-residences-columbus-monte-carlo-bedroom-272x182.jpg 272w\" sizes=\"auto, (max-width: 1280px) 100vw, 1280px\" \/>\t\t<\/li>\n\t\t\t\t<li class=\"sow-slider-image\" style=\"visibility: hidden;\" >\n\t\t\t\t\t\t<img loading=\"lazy\" decoding=\"async\" width=\"1280\" height=\"853\" src=\"https:\/\/columbushotels.com\/wp-content\/uploads\/serviced-residences-columbus-monte-carlo-duplex.jpg\" class=\"sow-slider-background-image\" alt=\"\" style=\"\" srcset=\"https:\/\/columbushotels.com\/wp-content\/uploads\/serviced-residences-columbus-monte-carlo-duplex.jpg 1280w, https:\/\/columbushotels.com\/wp-content\/uploads\/serviced-residences-columbus-monte-carlo-duplex-300x200.jpg 300w, https:\/\/columbushotels.com\/wp-content\/uploads\/serviced-residences-columbus-monte-carlo-duplex-1024x682.jpg 1024w, https:\/\/columbushotels.com\/wp-content\/uploads\/serviced-residences-columbus-monte-carlo-duplex-272x182.jpg 272w\" sizes=\"auto, (max-width: 1280px) 100vw, 1280px\" \/>\t\t<\/li>\n\t\t\t\t<li class=\"sow-slider-image\" style=\"visibility: hidden;\" >\n\t\t\t\t\t\t<img loading=\"lazy\" decoding=\"async\" width=\"1280\" height=\"853\" src=\"https:\/\/columbushotels.com\/wp-content\/uploads\/serviced-residences-columbus-monte-carlo-bedroom-duplex.jpg\" class=\"sow-slider-background-image\" alt=\"\" style=\"\" srcset=\"https:\/\/columbushotels.com\/wp-content\/uploads\/serviced-residences-columbus-monte-carlo-bedroom-duplex.jpg 1280w, https:\/\/columbushotels.com\/wp-content\/uploads\/serviced-residences-columbus-monte-carlo-bedroom-duplex-300x200.jpg 300w, https:\/\/columbushotels.com\/wp-content\/uploads\/serviced-residences-columbus-monte-carlo-bedroom-duplex-1024x682.jpg 1024w, https:\/\/columbushotels.com\/wp-content\/uploads\/serviced-residences-columbus-monte-carlo-bedroom-duplex-272x182.jpg 272w\" sizes=\"auto, (max-width: 1280px) 100vw, 1280px\" \/>\t\t<\/li>\n\t\t\t\t<li class=\"sow-slider-image\" style=\"visibility: hidden;\" >\n\t\t\t\t\t\t<img loading=\"lazy\" decoding=\"async\" width=\"1280\" height=\"853\" src=\"https:\/\/columbushotels.com\/wp-content\/uploads\/serviced-residences-columbus-monte-carlo-bathroom.jpg\" class=\"sow-slider-background-image\" alt=\"\" style=\"\" srcset=\"https:\/\/columbushotels.com\/wp-content\/uploads\/serviced-residences-columbus-monte-carlo-bathroom.jpg 1280w, https:\/\/columbushotels.com\/wp-content\/uploads\/serviced-residences-columbus-monte-carlo-bathroom-300x200.jpg 300w, https:\/\/columbushotels.com\/wp-content\/uploads\/serviced-residences-columbus-monte-carlo-bathroom-1024x682.jpg 1024w, https:\/\/columbushotels.com\/wp-content\/uploads\/serviced-residences-columbus-monte-carlo-bathroom-272x182.jpg 272w\" sizes=\"auto, (max-width: 1280px) 100vw, 1280px\" \/>\t\t<\/li>\n\t\t\t\t<li class=\"sow-slider-image\" style=\"visibility: hidden;\" >\n\t\t\t\t\t\t<img loading=\"lazy\" decoding=\"async\" width=\"1280\" height=\"853\" src=\"https:\/\/columbushotels.com\/wp-content\/uploads\/2-bedroom-apartment-Columbus-Hotel-Monte-Carlo-c-Savills-12.jpg\" class=\"sow-slider-background-image\" alt=\"\" style=\"\" srcset=\"https:\/\/columbushotels.com\/wp-content\/uploads\/2-bedroom-apartment-Columbus-Hotel-Monte-Carlo-c-Savills-12.jpg 1280w, https:\/\/columbushotels.com\/wp-content\/uploads\/2-bedroom-apartment-Columbus-Hotel-Monte-Carlo-c-Savills-12-300x200.jpg 300w, https:\/\/columbushotels.com\/wp-content\/uploads\/2-bedroom-apartment-Columbus-Hotel-Monte-Carlo-c-Savills-12-1024x682.jpg 1024w, https:\/\/columbushotels.com\/wp-content\/uploads\/2-bedroom-apartment-Columbus-Hotel-Monte-Carlo-c-Savills-12-272x182.jpg 272w\" sizes=\"auto, (max-width: 1280px) 100vw, 1280px\" \/>\t\t<\/li>\n\t\t\t\t<li class=\"sow-slider-image\" style=\"visibility: hidden;\" >\n\t\t\t\t\t\t<img loading=\"lazy\" decoding=\"async\" width=\"1280\" height=\"853\" src=\"https:\/\/columbushotels.com\/wp-content\/uploads\/2-bedroom-apartment-Columbus-Hotel-Monte-Carlo-c-Savills-9.jpg\" class=\"sow-slider-background-image\" alt=\"\" style=\"\" srcset=\"https:\/\/columbushotels.com\/wp-content\/uploads\/2-bedroom-apartment-Columbus-Hotel-Monte-Carlo-c-Savills-9.jpg 1280w, https:\/\/columbushotels.com\/wp-content\/uploads\/2-bedroom-apartment-Columbus-Hotel-Monte-Carlo-c-Savills-9-300x200.jpg 300w, https:\/\/columbushotels.com\/wp-content\/uploads\/2-bedroom-apartment-Columbus-Hotel-Monte-Carlo-c-Savills-9-1024x682.jpg 1024w, https:\/\/columbushotels.com\/wp-content\/uploads\/2-bedroom-apartment-Columbus-Hotel-Monte-Carlo-c-Savills-9-272x182.jpg 272w\" sizes=\"auto, (max-width: 1280px) 100vw, 1280px\" \/>\t\t<\/li>\n\t\t<\/ul>\t\t\t\t<ol class=\"sow-slider-pagination\">\n\t\t\t\t\t\t\t\t\t\t\t<li><a href=\"#\" data-goto=\"0\" aria-label=\"Display slide 1\"><\/a><\/li>\n\t\t\t\t\t\t\t\t\t\t\t<li><a href=\"#\" data-goto=\"1\" aria-label=\"Display slide 2\"><\/a><\/li>\n\t\t\t\t\t\t\t\t\t\t\t<li><a href=\"#\" data-goto=\"2\" aria-label=\"Display slide 3\"><\/a><\/li>\n\t\t\t\t\t\t\t\t\t\t\t<li><a href=\"#\" data-goto=\"3\" aria-label=\"Display slide 4\"><\/a><\/li>\n\t\t\t\t\t\t\t\t\t\t\t<li><a href=\"#\" data-goto=\"4\" aria-label=\"Display slide 5\"><\/a><\/li>\n\t\t\t\t\t\t\t\t\t\t\t<li><a href=\"#\" data-goto=\"5\" aria-label=\"Display slide 6\"><\/a><\/li>\n\t\t\t\t\t\t\t\t\t\t\t<li><a href=\"#\" data-goto=\"6\" aria-label=\"Display slide 7\"><\/a><\/li>\n\t\t\t\t\t\t\t\t\t<\/ol>\n\n\t\t\t\t<div class=\"sow-slide-nav sow-slide-nav-next\">\n\t\t\t\t\t<a href=\"#\" data-goto=\"next\" aria-label=\"Next slide\" data-action=\"next\">\n\t\t\t\t\t\t<em class=\"sow-sld-icon-thin-right\"><\/em>\n\t\t\t\t\t<\/a>\n\t\t\t\t<\/div>\n\n\t\t\t\t<div class=\"sow-slide-nav sow-slide-nav-prev\">\n\t\t\t\t\t<a href=\"#\" data-goto=\"previous\" aria-label=\"Previous slide\" data-action=\"prev\">\n\t\t\t\t\t\t<em class=\"sow-sld-icon-thin-left\"><\/em>\n\t\t\t\t\t<\/a>\n\t\t\t\t<\/div>\n\t\t\t\t<\/div><\/div><\/div><\/div><div id=\"pgc-15618-0-2\"  class=\"panel-grid-cell panel-grid-cell-empty\" ><\/div><\/div><div id=\"pg-15618-1\"  class=\"panel-grid panel-no-style\" ><div id=\"pgc-15618-1-0\"  class=\"panel-grid-cell panel-grid-cell-empty\" ><\/div><div id=\"pgc-15618-1-1\"  class=\"panel-grid-cell panel-grid-cell-mobile-last\" ><div id=\"panel-15618-1-1-0\" class=\"so-panel widget widget_sow-editor panel-first-child\" data-index=\"1\" ><div\n\t\t\t\n\t\t\tclass=\"so-widget-sow-editor so-widget-sow-editor-base\"\n\t\t\t\n\t\t>\n<div class=\"siteorigin-widget-tinymce textwidget\">\n\t<p style=\"text-align: center;\">\"Serviced Apartments\" - Wohnen im Columbus Monte-Carlo<\/p>\n<p style=\"text-align: center;\">4 Studios, 8 Duplexe und ein Penthouse mit Dachterrasse f\u00fcr Langzeitmieter, inklusive Hotelservice.<\/p>\n<p>&nbsp;<\/p>\n<p style=\"text-align: center;\">F\u00fcr weitere Informationen oder f\u00fcr eine Besichtigung kontaktieren Sie bitte:<\/p>\n<p>&nbsp;<\/p>\n<p style=\"text-align: center;\">SAVILLS MONACO<br \/>\n20 Bd Princesse Charlotte<br \/>\n98000 Monaco<br \/>\nTel: +377 97 70 42 00<br \/>\n&nbsp;<\/p>\n<\/div>\n<\/div><\/div><div id=\"panel-15618-1-1-1\" class=\"so-panel widget widget_sow-button panel-last-child\" data-index=\"2\" ><div\n\t\t\t\n\t\t\tclass=\"so-widget-sow-button so-widget-sow-button-flat-27141cc7da7f-15618\"\n\t\t\t\n\t\t><div class=\"ow-button-base ow-button-align-center\"\n>\n\t\t\t<a\n\t\t\t\t\thref=\"https:\/\/columbushotels.com\/wp-content\/uploads\/Columbus-Brochure-LOCCOL09.pdf\"\n\t\t\t\t\tclass=\"sowb-button ow-icon-placement-left ow-button-hover\" target=\"_blank\" rel=\"noopener noreferrer\" \t>\n\t\t<span>\n\t\t\t<span class=\"sow-icon-fontawesome sow-fas\" data-sow-icon=\"&#xf019;\"\n\t\tstyle=\"color: #c28111\" \n\t\taria-hidden=\"true\"><\/span>\n\t\t\tBROCH\u00dcRE DOWNLOADEN\t\t<\/span>\n\t\t\t<\/a>\n\t<\/div>\n<\/div><\/div><\/div><div id=\"pgc-15618-1-2\"  class=\"panel-grid-cell panel-grid-cell-empty\" ><\/div><\/div><\/div>","protected":false},"excerpt":{"rendered":"<p>&#8220;Serviced Apartments&#8221; &#8211; Wohnen im Columbus Monte-Carlo 4 Studios, 8 Duplexe und ein Penthouse mit Dachterrasse f\u00fcr Langzeitmieter, inklusive Hotelservice. &nbsp; F\u00fcr weitere Informationen oder f\u00fcr eine Besichtigung kontaktieren [&hellip;]<\/p>\n","protected":false},"author":4,"featured_media":0,"parent":0,"menu_order":68,"comment_status":"closed","ping_status":"closed","template":"","meta":{"footnotes":""},"class_list":["post-15618","page","type-page","status-publish","hentry"],"yoast_head":"<!-- This site is optimized with the Yoast SEO plugin v27.4 - https:\/\/yoast.com\/product\/yoast-seo-wordpress\/ -->\n<title>Apartments mit Hotelservice - Columbus Monte-Carlo<\/title>\n<meta name=\"description\" content=\"Serviced Apartments - Wohnen im Columbus Monte-Carlo. 2-Zimmer Apartment, Duplexe und ein Penthouse f\u00fcr Langzeitmieter, inklusive Hotelservice\" \/>\n<meta name=\"robots\" content=\"index, follow, max-snippet:-1, max-image-preview:large, max-video-preview:-1\" \/>\n<link rel=\"canonical\" href=\"https:\/\/columbushotels.com\/de\/apartments-mit-hotelservice\/\" \/>\n<meta property=\"og:locale\" content=\"de_DE\" \/>\n<meta property=\"og:type\" content=\"article\" \/>\n<meta property=\"og:title\" content=\"Apartments mit Hotelservice - Columbus Monte-Carlo\" \/>\n<meta property=\"og:description\" content=\"Serviced Apartments - Wohnen im Columbus Monte-Carlo. 2-Zimmer Apartment, Duplexe und ein Penthouse f\u00fcr Langzeitmieter, inklusive Hotelservice\" \/>\n<meta property=\"og:url\" content=\"https:\/\/columbushotels.com\/de\/apartments-mit-hotelservice\/\" \/>\n<meta property=\"og:site_name\" content=\"Columbus Monte-Carlo\" \/>\n<meta property=\"article:publisher\" content=\"https:\/\/www.facebook.com\/ColumbusMonteCarlo\" \/>\n<meta property=\"article:modified_time\" content=\"2025-05-27T11:37:12+00:00\" \/>\n<meta name=\"twitter:label1\" content=\"Gesch\u00e4tzte Lesezeit\" \/>\n\t<meta name=\"twitter:data1\" content=\"2\u00a0Minuten\" \/>\n<!-- \/ Yoast SEO plugin. -->","yoast_head_json":{"title":"Apartments mit Hotelservice - Columbus Monte-Carlo","description":"Serviced Apartments - Wohnen im Columbus Monte-Carlo. 2-Zimmer Apartment, Duplexe und ein Penthouse f\u00fcr Langzeitmieter, inklusive Hotelservice","robots":{"index":"index","follow":"follow","max-snippet":"max-snippet:-1","max-image-preview":"max-image-preview:large","max-video-preview":"max-video-preview:-1"},"canonical":"https:\/\/columbushotels.com\/de\/apartments-mit-hotelservice\/","og_locale":"de_DE","og_type":"article","og_title":"Apartments mit Hotelservice - Columbus Monte-Carlo","og_description":"Serviced Apartments - Wohnen im Columbus Monte-Carlo. 2-Zimmer Apartment, Duplexe und ein Penthouse f\u00fcr Langzeitmieter, inklusive Hotelservice","og_url":"https:\/\/columbushotels.com\/de\/apartments-mit-hotelservice\/","og_site_name":"Columbus Monte-Carlo","article_publisher":"https:\/\/www.facebook.com\/ColumbusMonteCarlo","article_modified_time":"2025-05-27T11:37:12+00:00","twitter_misc":{"Gesch\u00e4tzte Lesezeit":"2\u00a0Minuten"},"schema":{"@context":"https:\/\/schema.org","@graph":[{"@type":"WebPage","@id":"https:\/\/columbushotels.com\/de\/apartments-mit-hotelservice\/","url":"https:\/\/columbushotels.com\/de\/apartments-mit-hotelservice\/","name":"Apartments mit Hotelservice - Columbus Monte-Carlo","isPartOf":{"@id":"https:\/\/columbushotels.com\/it\/#website"},"datePublished":"2018-10-12T09:42:17+00:00","dateModified":"2025-05-27T11:37:12+00:00","description":"Serviced Apartments - Wohnen im Columbus Monte-Carlo. 2-Zimmer Apartment, Duplexe und ein Penthouse f\u00fcr Langzeitmieter, inklusive Hotelservice","breadcrumb":{"@id":"https:\/\/columbushotels.com\/de\/apartments-mit-hotelservice\/#breadcrumb"},"inLanguage":"de","potentialAction":[{"@type":"ReadAction","target":["https:\/\/columbushotels.com\/de\/apartments-mit-hotelservice\/"]}]},{"@type":"BreadcrumbList","@id":"https:\/\/columbushotels.com\/de\/apartments-mit-hotelservice\/#breadcrumb","itemListElement":[{"@type":"ListItem","position":1,"name":"Accueil","item":"https:\/\/www.columbushotels.com\/"},{"@type":"ListItem","position":2,"name":"Apartments mit Hotelservice"}]},{"@type":"WebSite","@id":"https:\/\/columbushotels.com\/it\/#website","url":"https:\/\/columbushotels.com\/it\/","name":"Columbus Monte-Carlo","description":"","publisher":{"@id":"https:\/\/columbushotels.com\/it\/#organization"},"potentialAction":[{"@type":"SearchAction","target":{"@type":"EntryPoint","urlTemplate":"https:\/\/columbushotels.com\/it\/?s={search_term_string}"},"query-input":{"@type":"PropertyValueSpecification","valueRequired":true,"valueName":"search_term_string"}}],"inLanguage":"de"},{"@type":"Organization","@id":"https:\/\/columbushotels.com\/it\/#organization","name":"Columbus Monte-Carlo","url":"https:\/\/columbushotels.com\/it\/","logo":{"@type":"ImageObject","inLanguage":"de","@id":"https:\/\/columbushotels.com\/it\/#\/schema\/logo\/image\/","url":"https:\/\/www.columbushotels.com\/wp-content\/uploads\/icon-tablette.png","contentUrl":"https:\/\/www.columbushotels.com\/wp-content\/uploads\/icon-tablette.png","width":144,"height":144,"caption":"Columbus Monte-Carlo"},"image":{"@id":"https:\/\/columbushotels.com\/it\/#\/schema\/logo\/image\/"},"sameAs":["https:\/\/www.facebook.com\/ColumbusMonteCarlo","https:\/\/x.com\/ColumbusMC","https:\/\/www.instagram.com\/columbusmchotel","https:\/\/www.linkedin.com\/company\/1316137"]}]}},"_links":{"self":[{"href":"https:\/\/columbushotels.com\/de\/wp-json\/wp\/v2\/pages\/15618","targetHints":{"allow":["GET"]}}],"collection":[{"href":"https:\/\/columbushotels.com\/de\/wp-json\/wp\/v2\/pages"}],"about":[{"href":"https:\/\/columbushotels.com\/de\/wp-json\/wp\/v2\/types\/page"}],"author":[{"embeddable":true,"href":"https:\/\/columbushotels.com\/de\/wp-json\/wp\/v2\/users\/4"}],"replies":[{"embeddable":true,"href":"https:\/\/columbushotels.com\/de\/wp-json\/wp\/v2\/comments?post=15618"}],"version-history":[{"count":6,"href":"https:\/\/columbushotels.com\/de\/wp-json\/wp\/v2\/pages\/15618\/revisions"}],"predecessor-version":[{"id":42140,"href":"https:\/\/columbushotels.com\/de\/wp-json\/wp\/v2\/pages\/15618\/revisions\/42140"}],"wp:attachment":[{"href":"https:\/\/columbushotels.com\/de\/wp-json\/wp\/v2\/media?parent=15618"}],"curies":[{"name":"wp","href":"https:\/\/api.w.org\/{rel}","templated":true}]}}