{"id":15614,"date":"2018-10-24T12:24:39","date_gmt":"2018-10-24T10:24:39","guid":{"rendered":"http:\/\/columbushotels.com\/privacy-policy\/"},"modified":"2023-11-27T18:41:38","modified_gmt":"2023-11-27T16:41:38","slug":"datenschutz-2","status":"publish","type":"page","link":"https:\/\/columbushotels.com\/de\/datenschutz-2\/","title":{"rendered":"Datenschutz"},"content":{"rendered":"<div id=\"pl-15614\"  class=\"panel-layout\" ><div id=\"pg-15614-0\"  class=\"panel-grid panel-no-style\" ><div id=\"pgc-15614-0-0\"  class=\"panel-grid-cell\" ><div id=\"panel-15614-0-0-0\" class=\"so-panel widget widget_sow-editor panel-first-child panel-last-child\" data-index=\"0\" ><div\n\t\t\t\n\t\t\tclass=\"so-widget-sow-editor so-widget-sow-editor-base\"\n\t\t\t\n\t\t>\n<div class=\"siteorigin-widget-tinymce textwidget\">\n\t<p style=\"text-align: center;\">Wirksamkeitsdatum: 22. Mai 2018, letztes Update 12\/12 2022<\/p>\n<p>&nbsp;<\/p>\n<p style=\"text-align: center;\"><span style=\"color: #c28111;\">BENACHRICHTIGUNG \u00dcBER DIE \u00dcBERTRAGUNG DER VERARBEITUNG PERSONENBEZOGENER DATEN<\/span><\/p>\n<p style=\"text-align: center;\"><strong>Soci\u00e9t\u00e9 Mon\u00e9gasque d\u2019H\u00f4tellerie SAM \u2013 23 Avenue des Papalins, Columbus H\u00f4tel \u2013 98000 MONACO<\/strong><\/p>\n<p style=\"text-align: center;\">Gem\u00e4\u00df den geltenden Vorschriften f\u00fcr personenbezogene Daten, insbesondere dem Gesetz Nr. 1.165, m\u00f6chten wir Sie als Verantwortliche f\u00fcr die Verarbeitung personenbezogener Daten f\u00fcr den Zweck der \"Kundenverwaltung\" dar\u00fcber informieren, dass Ihre Daten an den neuen Betreiber des Hotels-Restaurants COLUMBUS MONTE-CARLO, die Firma <strong>SAM MOCANA<\/strong>, \u00fcbertragen werden. Diese ist ordnungsgem\u00e4\u00df im Handelsregister unter der Nummer 22S09353 eingetragen und hat ihren Sitz in der 23 Avenue des Papalins in Monaco, vertreten durch ihren <strong>Direktor G\u00e9rard BERTOUT<\/strong>.<\/p>\n<p style=\"text-align: center;\">Diese \u00dcbertragung erfolgt am 15. Dezember 2022 im Rahmen des Verkaufs des Gesch\u00e4fts, nach dem das Hotel-Restaurant COLUMBUS MONTE-CARLO in der 23 Rue des Papalins in Monaco k\u00fcnftig von der Firma SAM MOCANA betrieben wird.<\/p>\n<p style=\"text-align: center;\">Wir m\u00f6chten Sie daran erinnern, dass Ihnen gem\u00e4\u00df dem Gesetz Nr. 1.165 das Recht zusteht, der \u00dcbertragung Ihrer Daten zu widersprechen, ein Zugangsrecht sowie ein Recht auf Berichtigung Ihrer betreffenden Informationen.<\/p>\n<p style=\"text-align: center;\">Um die Rechtm\u00e4\u00dfigkeit der Verarbeitung Ihrer personenbezogenen Daten zu \u00fcberpr\u00fcfen, k\u00f6nnen Sie sich an das CCIN unter der folgenden Adresse wenden:<\/p>\n<p style=\"text-align: center;\">\u00ab Le Suffren \u00bb Block B, 4. Stock, 7, Rue Suffren Reymond 98000 - Monaco | Tel: (+377).97.70.22.44<\/p>\n<p>&nbsp;<\/p>\n<div class=\"lien_reservation\" style=\"text-align: center;\"><a href=\"https:\/\/www.hilton.com\/de\/p\/global-privacy-statement\/\" target=\"_blank\" rel=\"noopener noreferrer\">Mehr \u00fcber HILTONs GLOBALE DATENSCHUTZERKL\u00c4RUNG erfahren<\/a><\/div>\n<\/div>\n<\/div><\/div><\/div><\/div><\/div>","protected":false},"excerpt":{"rendered":"<p>Wirksamkeitsdatum: 22. Mai 2018, letztes Update 12\/12 2022 &nbsp; BENACHRICHTIGUNG \u00dcBER DIE \u00dcBERTRAGUNG DER VERARBEITUNG PERSONENBEZOGENER DATEN Soci\u00e9t\u00e9 Mon\u00e9gasque d\u2019H\u00f4tellerie SAM \u2013 23 Avenue des Papalins, Columbus H\u00f4tel \u2013 [&hellip;]<\/p>\n","protected":false},"author":4,"featured_media":0,"parent":0,"menu_order":52,"comment_status":"closed","ping_status":"closed","template":"","meta":{"footnotes":""},"class_list":["post-15614","page","type-page","status-publish","hentry"],"yoast_head":"<!-- This site is optimized with the Yoast SEO plugin v27.4 - https:\/\/yoast.com\/product\/yoast-seo-wordpress\/ -->\n<title>Datenschutz - Columbus Monte-Carlo<\/title>\n<meta name=\"robots\" content=\"index, follow, max-snippet:-1, max-image-preview:large, max-video-preview:-1\" \/>\n<link rel=\"canonical\" href=\"https:\/\/columbushotels.com\/de\/datenschutz-2\/\" \/>\n<meta property=\"og:locale\" content=\"de_DE\" \/>\n<meta property=\"og:type\" content=\"article\" \/>\n<meta property=\"og:title\" content=\"Datenschutz - Columbus Monte-Carlo\" \/>\n<meta property=\"og:description\" content=\"Wirksamkeitsdatum: 22. Mai 2018, letztes Update 12\/12 2022 &nbsp; BENACHRICHTIGUNG \u00dcBER DIE \u00dcBERTRAGUNG DER VERARBEITUNG PERSONENBEZOGENER DATEN Soci\u00e9t\u00e9 Mon\u00e9gasque d\u2019H\u00f4tellerie SAM \u2013 23 Avenue des Papalins, Columbus H\u00f4tel \u2013 [&hellip;]\" \/>\n<meta property=\"og:url\" content=\"https:\/\/columbushotels.com\/de\/datenschutz-2\/\" \/>\n<meta property=\"og:site_name\" content=\"Columbus Monte-Carlo\" \/>\n<meta property=\"article:publisher\" content=\"https:\/\/www.facebook.com\/ColumbusMonteCarlo\" \/>\n<meta property=\"article:modified_time\" content=\"2023-11-27T16:41:38+00:00\" \/>\n<meta name=\"twitter:label1\" content=\"Gesch\u00e4tzte Lesezeit\" \/>\n\t<meta name=\"twitter:data1\" content=\"1\u00a0Minute\" \/>\n<!-- \/ Yoast SEO plugin. -->","yoast_head_json":{"title":"Datenschutz - Columbus Monte-Carlo","robots":{"index":"index","follow":"follow","max-snippet":"max-snippet:-1","max-image-preview":"max-image-preview:large","max-video-preview":"max-video-preview:-1"},"canonical":"https:\/\/columbushotels.com\/de\/datenschutz-2\/","og_locale":"de_DE","og_type":"article","og_title":"Datenschutz - Columbus Monte-Carlo","og_description":"Wirksamkeitsdatum: 22. Mai 2018, letztes Update 12\/12 2022 &nbsp; BENACHRICHTIGUNG \u00dcBER DIE \u00dcBERTRAGUNG DER VERARBEITUNG PERSONENBEZOGENER DATEN Soci\u00e9t\u00e9 Mon\u00e9gasque d\u2019H\u00f4tellerie SAM \u2013 23 Avenue des Papalins, Columbus H\u00f4tel \u2013 [&hellip;]","og_url":"https:\/\/columbushotels.com\/de\/datenschutz-2\/","og_site_name":"Columbus Monte-Carlo","article_publisher":"https:\/\/www.facebook.com\/ColumbusMonteCarlo","article_modified_time":"2023-11-27T16:41:38+00:00","twitter_misc":{"Gesch\u00e4tzte Lesezeit":"1\u00a0Minute"},"schema":{"@context":"https:\/\/schema.org","@graph":[{"@type":"WebPage","@id":"https:\/\/columbushotels.com\/de\/datenschutz-2\/","url":"https:\/\/columbushotels.com\/de\/datenschutz-2\/","name":"Datenschutz - Columbus Monte-Carlo","isPartOf":{"@id":"https:\/\/columbushotels.com\/it\/#website"},"datePublished":"2018-10-24T10:24:39+00:00","dateModified":"2023-11-27T16:41:38+00:00","breadcrumb":{"@id":"https:\/\/columbushotels.com\/de\/datenschutz-2\/#breadcrumb"},"inLanguage":"de","potentialAction":[{"@type":"ReadAction","target":["https:\/\/columbushotels.com\/de\/datenschutz-2\/"]}]},{"@type":"BreadcrumbList","@id":"https:\/\/columbushotels.com\/de\/datenschutz-2\/#breadcrumb","itemListElement":[{"@type":"ListItem","position":1,"name":"Accueil","item":"https:\/\/www.columbushotels.com\/"},{"@type":"ListItem","position":2,"name":"Datenschutz"}]},{"@type":"WebSite","@id":"https:\/\/columbushotels.com\/it\/#website","url":"https:\/\/columbushotels.com\/it\/","name":"Columbus Monte-Carlo","description":"","publisher":{"@id":"https:\/\/columbushotels.com\/it\/#organization"},"potentialAction":[{"@type":"SearchAction","target":{"@type":"EntryPoint","urlTemplate":"https:\/\/columbushotels.com\/it\/?s={search_term_string}"},"query-input":{"@type":"PropertyValueSpecification","valueRequired":true,"valueName":"search_term_string"}}],"inLanguage":"de"},{"@type":"Organization","@id":"https:\/\/columbushotels.com\/it\/#organization","name":"Columbus Monte-Carlo","url":"https:\/\/columbushotels.com\/it\/","logo":{"@type":"ImageObject","inLanguage":"de","@id":"https:\/\/columbushotels.com\/it\/#\/schema\/logo\/image\/","url":"https:\/\/www.columbushotels.com\/wp-content\/uploads\/icon-tablette.png","contentUrl":"https:\/\/www.columbushotels.com\/wp-content\/uploads\/icon-tablette.png","width":144,"height":144,"caption":"Columbus Monte-Carlo"},"image":{"@id":"https:\/\/columbushotels.com\/it\/#\/schema\/logo\/image\/"},"sameAs":["https:\/\/www.facebook.com\/ColumbusMonteCarlo","https:\/\/x.com\/ColumbusMC","https:\/\/www.instagram.com\/columbusmchotel","https:\/\/www.linkedin.com\/company\/1316137"]}]}},"_links":{"self":[{"href":"https:\/\/columbushotels.com\/de\/wp-json\/wp\/v2\/pages\/15614","targetHints":{"allow":["GET"]}}],"collection":[{"href":"https:\/\/columbushotels.com\/de\/wp-json\/wp\/v2\/pages"}],"about":[{"href":"https:\/\/columbushotels.com\/de\/wp-json\/wp\/v2\/types\/page"}],"author":[{"embeddable":true,"href":"https:\/\/columbushotels.com\/de\/wp-json\/wp\/v2\/users\/4"}],"replies":[{"embeddable":true,"href":"https:\/\/columbushotels.com\/de\/wp-json\/wp\/v2\/comments?post=15614"}],"version-history":[{"count":4,"href":"https:\/\/columbushotels.com\/de\/wp-json\/wp\/v2\/pages\/15614\/revisions"}],"predecessor-version":[{"id":38866,"href":"https:\/\/columbushotels.com\/de\/wp-json\/wp\/v2\/pages\/15614\/revisions\/38866"}],"wp:attachment":[{"href":"https:\/\/columbushotels.com\/de\/wp-json\/wp\/v2\/media?parent=15614"}],"curies":[{"name":"wp","href":"https:\/\/api.w.org\/{rel}","templated":true}]}}